{"id":5467,"date":"2022-09-13T18:47:13","date_gmt":"2022-09-13T15:47:13","guid":{"rendered":"https:\/\/kfc.lv\/products\/veggie-twister-tortilla\/"},"modified":"2022-11-24T15:23:01","modified_gmt":"2022-11-24T13:23:01","slug":"veggie-twister-tortilla","status":"publish","type":"page","link":"https:\/\/kfc.lv\/en\/products\/veggie-twister-tortilla\/","title":{"rendered":"Veggie twister tortilla"},"content":{"rendered":"\t\t<div data-elementor-type=\"wp-page\" data-elementor-id=\"5467\" class=\"elementor elementor-5467 elementor-4599\" data-elementor-post-type=\"page\">\n\t\t\t\t\t\t<section class=\"elementor-section elementor-top-section elementor-element elementor-element-6b4597e elementor-section-boxed elementor-section-height-default elementor-section-height-default\" data-id=\"6b4597e\" data-element_type=\"section\" data-e-type=\"section\">\n\t\t\t\t\t\t<div class=\"elementor-container elementor-column-gap-default\">\n\t\t\t\t\t<div class=\"elementor-column elementor-col-33 elementor-top-column elementor-element elementor-element-01b2b88 elementor-hidden-tablet elementor-hidden-mobile\" data-id=\"01b2b88\" data-element_type=\"column\" data-e-type=\"column\">\n\t\t\t<div class=\"elementor-widget-wrap elementor-element-populated\">\n\t\t\t\t\t\t<div class=\"elementor-element elementor-element-b31597b elementor-hidden-tablet elementor-hidden-mobile elementor-widget elementor-widget-button\" data-id=\"b31597b\" data-element_type=\"widget\" data-e-type=\"widget\" data-settings=\"{&quot;sticky&quot;:&quot;top&quot;,&quot;sticky_offset&quot;:300,&quot;sticky_on&quot;:[&quot;desktop&quot;,&quot;tablet&quot;,&quot;mobile&quot;],&quot;sticky_effects_offset&quot;:0,&quot;sticky_anchor_link_offset&quot;:0}\" data-widget_type=\"button.default\">\n\t\t\t\t<div class=\"elementor-widget-container\">\n\t\t\t\t\t\t\t\t\t<div class=\"elementor-button-wrapper\">\n\t\t\t\t\t<a class=\"elementor-button elementor-button-link elementor-size-sm\" href=\"https:\/\/kfc.lv\/en\/#veggie\">\n\t\t\t\t\t\t<span class=\"elementor-button-content-wrapper\">\n\t\t\t\t\t\t<span class=\"elementor-button-icon\">\n\t\t\t\t<i aria-hidden=\"true\" class=\"fas fa-arrow-left\"><\/i>\t\t\t<\/span>\n\t\t\t\t\t\t\t\t<\/span>\n\t\t\t\t\t<\/a>\n\t\t\t\t<\/div>\n\t\t\t\t\t\t\t\t<\/div>\n\t\t\t\t<\/div>\n\t\t\t\t\t<\/div>\n\t\t<\/div>\n\t\t\t\t<div class=\"elementor-column elementor-col-33 elementor-top-column elementor-element elementor-element-b676c80\" data-id=\"b676c80\" data-element_type=\"column\" data-e-type=\"column\" data-settings=\"{&quot;background_background&quot;:&quot;classic&quot;}\">\n\t\t\t<div class=\"elementor-widget-wrap elementor-element-populated\">\n\t\t\t\t\t<div class=\"elementor-background-overlay\"><\/div>\n\t\t\t\t\t\t<div class=\"elementor-element elementor-element-2b2b7e5 elementor-widget elementor-widget-spacer\" data-id=\"2b2b7e5\" data-element_type=\"widget\" data-e-type=\"widget\" data-widget_type=\"spacer.default\">\n\t\t\t\t<div class=\"elementor-widget-container\">\n\t\t\t\t\t\t\t<div class=\"elementor-spacer\">\n\t\t\t<div class=\"elementor-spacer-inner\"><\/div>\n\t\t<\/div>\n\t\t\t\t\t\t<\/div>\n\t\t\t\t<\/div>\n\t\t\t\t<div class=\"elementor-element elementor-element-bf41364 elementor-widget elementor-widget-image\" data-id=\"bf41364\" data-element_type=\"widget\" data-e-type=\"widget\" data-widget_type=\"image.default\">\n\t\t\t\t<div class=\"elementor-widget-container\">\n\t\t\t\t\t\t\t\t\t\t\t\t\t\t\t<img fetchpriority=\"high\" decoding=\"async\" width=\"512\" height=\"512\" src=\"https:\/\/kfc.lv\/wp-content\/uploads\/2022\/09\/VEGGIE-TWISTER.png\" class=\"attachment-large size-large wp-image-4029\" alt=\"Veggie tortilla kfc\" srcset=\"https:\/\/kfc.lv\/wp-content\/uploads\/2022\/09\/VEGGIE-TWISTER.png 512w, https:\/\/kfc.lv\/wp-content\/uploads\/2022\/09\/VEGGIE-TWISTER-300x300.png 300w, https:\/\/kfc.lv\/wp-content\/uploads\/2022\/09\/VEGGIE-TWISTER-150x150.png 150w\" sizes=\"(max-width: 512px) 100vw, 512px\" \/>\t\t\t\t\t\t\t\t\t\t\t\t\t\t\t<\/div>\n\t\t\t\t<\/div>\n\t\t\t\t<div class=\"elementor-element elementor-element-59fb899 elementor-widget elementor-widget-spacer\" data-id=\"59fb899\" data-element_type=\"widget\" data-e-type=\"widget\" data-widget_type=\"spacer.default\">\n\t\t\t\t<div class=\"elementor-widget-container\">\n\t\t\t\t\t\t\t<div class=\"elementor-spacer\">\n\t\t\t<div class=\"elementor-spacer-inner\"><\/div>\n\t\t<\/div>\n\t\t\t\t\t\t<\/div>\n\t\t\t\t<\/div>\n\t\t\t\t\t<\/div>\n\t\t<\/div>\n\t\t\t\t<div class=\"elementor-column elementor-col-33 elementor-top-column elementor-element elementor-element-237e5d8\" data-id=\"237e5d8\" data-element_type=\"column\" data-e-type=\"column\" data-settings=\"{&quot;background_background&quot;:&quot;classic&quot;}\">\n\t\t\t<div class=\"elementor-widget-wrap elementor-element-populated\">\n\t\t\t\t\t\t<div class=\"elementor-element elementor-element-1c346ec elementor-widget elementor-widget-heading\" data-id=\"1c346ec\" data-element_type=\"widget\" data-e-type=\"widget\" data-widget_type=\"heading.default\">\n\t\t\t\t<div class=\"elementor-widget-container\">\n\t\t\t\t\t<h1 class=\"elementor-heading-title elementor-size-default\">Veggie twister tortilla<\/h1>\t\t\t\t<\/div>\n\t\t\t\t<\/div>\n\t\t\t\t<div class=\"elementor-element elementor-element-e9e3acc elementor-hidden-desktop elementor-hidden-tablet elementor-hidden-mobile elementor-widget elementor-widget-heading\" data-id=\"e9e3acc\" data-element_type=\"widget\" data-e-type=\"widget\" data-widget_type=\"heading.default\">\n\t\t\t\t<div class=\"elementor-widget-container\">\n\t\t\t\t\t<h2 class=\"elementor-heading-title elementor-size-default\">183 g.<\/h2>\t\t\t\t<\/div>\n\t\t\t\t<\/div>\n\t\t\t\t<div class=\"elementor-element elementor-element-5958889 elementor-widget elementor-widget-heading\" data-id=\"5958889\" data-element_type=\"widget\" data-e-type=\"widget\" data-widget_type=\"heading.default\">\n\t\t\t\t<div class=\"elementor-widget-container\">\n\t\t\t\t\t<h2 class=\"elementor-heading-title elementor-size-default\">The same legendary original taste our guests know and love, now made without meat. We offer a Veggie range where all products are prepared with our Veggie Tenders!<\/h2>\t\t\t\t<\/div>\n\t\t\t\t<\/div>\n\t\t\t\t<div class=\"elementor-element elementor-element-7bf88e8 elementor-widget elementor-widget-heading\" data-id=\"7bf88e8\" data-element_type=\"widget\" data-e-type=\"widget\" data-widget_type=\"heading.default\">\n\t\t\t\t<div class=\"elementor-widget-container\">\n\t\t\t\t\t<h2 class=\"elementor-heading-title elementor-size-default\">Veggie Twister tortilla is filled with Veggie strips, iceberg lettuce, mayonnaise and chopped tomato.<\/h2>\t\t\t\t<\/div>\n\t\t\t\t<\/div>\n\t\t\t\t<div class=\"elementor-element elementor-element-3e1f88b elementor-widget elementor-widget-spacer\" data-id=\"3e1f88b\" data-element_type=\"widget\" data-e-type=\"widget\" data-widget_type=\"spacer.default\">\n\t\t\t\t<div class=\"elementor-widget-container\">\n\t\t\t\t\t\t\t<div class=\"elementor-spacer\">\n\t\t\t<div class=\"elementor-spacer-inner\"><\/div>\n\t\t<\/div>\n\t\t\t\t\t\t<\/div>\n\t\t\t\t<\/div>\n\t\t\t\t<div class=\"elementor-element elementor-element-c039a9e elementor-align-left elementor-mobile-align-left elementor-widget elementor-widget-button\" data-id=\"c039a9e\" data-element_type=\"widget\" data-e-type=\"widget\" data-widget_type=\"button.default\">\n\t\t\t\t<div class=\"elementor-widget-container\">\n\t\t\t\t\t\t\t\t\t<div class=\"elementor-button-wrapper\">\n\t\t\t\t\t<a class=\"elementor-button elementor-button-link elementor-size-md\" href=\"https:\/\/kfc.lv\/en\/what-is-veggie\/\">\n\t\t\t\t\t\t<span class=\"elementor-button-content-wrapper\">\n\t\t\t\t\t\t\t\t\t<span class=\"elementor-button-text\">What is Veggie?<\/span>\n\t\t\t\t\t<\/span>\n\t\t\t\t\t<\/a>\n\t\t\t\t<\/div>\n\t\t\t\t\t\t\t\t<\/div>\n\t\t\t\t<\/div>\n\t\t\t\t<div class=\"elementor-element elementor-element-d6a652a elementor-widget elementor-widget-spacer\" data-id=\"d6a652a\" data-element_type=\"widget\" data-e-type=\"widget\" data-widget_type=\"spacer.default\">\n\t\t\t\t<div class=\"elementor-widget-container\">\n\t\t\t\t\t\t\t<div class=\"elementor-spacer\">\n\t\t\t<div class=\"elementor-spacer-inner\"><\/div>\n\t\t<\/div>\n\t\t\t\t\t\t<\/div>\n\t\t\t\t<\/div>\n\t\t\t\t\t<\/div>\n\t\t<\/div>\n\t\t\t\t\t<\/div>\n\t\t<\/section>\n\t\t\t\t<section class=\"elementor-section elementor-top-section elementor-element elementor-element-be70d3d elementor-section-boxed elementor-section-height-default elementor-section-height-default\" data-id=\"be70d3d\" data-element_type=\"section\" data-e-type=\"section\">\n\t\t\t\t\t\t<div class=\"elementor-container elementor-column-gap-default\">\n\t\t\t\t\t<div class=\"elementor-column elementor-col-33 elementor-top-column elementor-element elementor-element-78c96cc elementor-hidden-tablet elementor-hidden-mobile\" data-id=\"78c96cc\" data-element_type=\"column\" data-e-type=\"column\">\n\t\t\t<div class=\"elementor-widget-wrap\">\n\t\t\t\t\t\t\t<\/div>\n\t\t<\/div>\n\t\t\t\t<div class=\"elementor-column elementor-col-33 elementor-top-column elementor-element elementor-element-dee84c3 elementor-hidden-tablet elementor-hidden-mobile\" data-id=\"dee84c3\" data-element_type=\"column\" data-e-type=\"column\">\n\t\t\t<div class=\"elementor-widget-wrap elementor-element-populated\">\n\t\t\t\t\t<div class=\"elementor-background-overlay\"><\/div>\n\t\t\t\t\t\t<div class=\"elementor-element elementor-element-6676c58 elementor-widget elementor-widget-spacer\" data-id=\"6676c58\" data-element_type=\"widget\" data-e-type=\"widget\" data-widget_type=\"spacer.default\">\n\t\t\t\t<div class=\"elementor-widget-container\">\n\t\t\t\t\t\t\t<div class=\"elementor-spacer\">\n\t\t\t<div class=\"elementor-spacer-inner\"><\/div>\n\t\t<\/div>\n\t\t\t\t\t\t<\/div>\n\t\t\t\t<\/div>\n\t\t\t\t<div class=\"elementor-element elementor-element-d02552d elementor-widget elementor-widget-spacer\" data-id=\"d02552d\" data-element_type=\"widget\" data-e-type=\"widget\" data-widget_type=\"spacer.default\">\n\t\t\t\t<div class=\"elementor-widget-container\">\n\t\t\t\t\t\t\t<div class=\"elementor-spacer\">\n\t\t\t<div class=\"elementor-spacer-inner\"><\/div>\n\t\t<\/div>\n\t\t\t\t\t\t<\/div>\n\t\t\t\t<\/div>\n\t\t\t\t\t<\/div>\n\t\t<\/div>\n\t\t\t\t<div class=\"elementor-column elementor-col-33 elementor-top-column elementor-element elementor-element-8d03847\" data-id=\"8d03847\" data-element_type=\"column\" data-e-type=\"column\" data-settings=\"{&quot;background_background&quot;:&quot;classic&quot;}\">\n\t\t\t<div class=\"elementor-widget-wrap elementor-element-populated\">\n\t\t\t\t\t\t<div class=\"elementor-element elementor-element-6a5a026 elementor-widget elementor-widget-spacer\" data-id=\"6a5a026\" data-element_type=\"widget\" data-e-type=\"widget\" data-widget_type=\"spacer.default\">\n\t\t\t\t<div class=\"elementor-widget-container\">\n\t\t\t\t\t\t\t<div class=\"elementor-spacer\">\n\t\t\t<div class=\"elementor-spacer-inner\"><\/div>\n\t\t<\/div>\n\t\t\t\t\t\t<\/div>\n\t\t\t\t<\/div>\n\t\t\t\t<div class=\"elementor-element elementor-element-f1c82c2 elementor-widget elementor-widget-heading\" data-id=\"f1c82c2\" data-element_type=\"widget\" data-e-type=\"widget\" data-widget_type=\"heading.default\">\n\t\t\t\t<div class=\"elementor-widget-container\">\n\t\t\t\t\t<h2 class=\"elementor-heading-title elementor-size-default\">INFO<\/h2>\t\t\t\t<\/div>\n\t\t\t\t<\/div>\n\t\t\t\t<section class=\"elementor-section elementor-inner-section elementor-element elementor-element-ac3c686 elementor-section-content-middle elementor-section-boxed elementor-section-height-default elementor-section-height-default\" data-id=\"ac3c686\" data-element_type=\"section\" data-e-type=\"section\">\n\t\t\t\t\t\t<div class=\"elementor-container elementor-column-gap-extended\">\n\t\t\t\t\t<div class=\"elementor-column elementor-col-100 elementor-inner-column elementor-element elementor-element-d774111\" data-id=\"d774111\" data-element_type=\"column\" data-e-type=\"column\">\n\t\t\t<div class=\"elementor-widget-wrap elementor-element-populated\">\n\t\t\t\t\t\t<div class=\"elementor-element elementor-element-447bcc7 elementor-align-left elementor-mobile-align-center elementor-widget elementor-widget-button\" data-id=\"447bcc7\" data-element_type=\"widget\" data-e-type=\"widget\" data-widget_type=\"button.default\">\n\t\t\t\t<div class=\"elementor-widget-container\">\n\t\t\t\t\t\t\t\t\t<div class=\"elementor-button-wrapper\">\n\t\t\t\t\t<a class=\"elementor-button elementor-button-link elementor-size-md\" href=\"https:\/\/kfc.lv\/en\/nutritions\/\">\n\t\t\t\t\t\t<span class=\"elementor-button-content-wrapper\">\n\t\t\t\t\t\t\t\t\t<span class=\"elementor-button-text\">Nutritions<\/span>\n\t\t\t\t\t<\/span>\n\t\t\t\t\t<\/a>\n\t\t\t\t<\/div>\n\t\t\t\t\t\t\t\t<\/div>\n\t\t\t\t<\/div>\n\t\t\t\t\t<\/div>\n\t\t<\/div>\n\t\t\t\t\t<\/div>\n\t\t<\/section>\n\t\t\t\t<section class=\"elementor-section elementor-inner-section elementor-element elementor-element-159de10 elementor-section-content-middle elementor-section-boxed elementor-section-height-default elementor-section-height-default\" data-id=\"159de10\" data-element_type=\"section\" data-e-type=\"section\">\n\t\t\t\t\t\t<div class=\"elementor-container elementor-column-gap-extended\">\n\t\t\t\t\t<div class=\"elementor-column elementor-col-100 elementor-inner-column elementor-element elementor-element-95c6e58\" data-id=\"95c6e58\" data-element_type=\"column\" data-e-type=\"column\">\n\t\t\t<div class=\"elementor-widget-wrap elementor-element-populated\">\n\t\t\t\t\t\t<div class=\"elementor-element elementor-element-d626aea elementor-align-left elementor-mobile-align-center elementor-widget elementor-widget-button\" data-id=\"d626aea\" data-element_type=\"widget\" data-e-type=\"widget\" data-widget_type=\"button.default\">\n\t\t\t\t<div class=\"elementor-widget-container\">\n\t\t\t\t\t\t\t\t\t<div class=\"elementor-button-wrapper\">\n\t\t\t\t\t<a class=\"elementor-button elementor-button-link elementor-size-md\" href=\"https:\/\/kfc.lv\/en\/allergens\/\">\n\t\t\t\t\t\t<span class=\"elementor-button-content-wrapper\">\n\t\t\t\t\t\t\t\t\t<span class=\"elementor-button-text\">Allergens<\/span>\n\t\t\t\t\t<\/span>\n\t\t\t\t\t<\/a>\n\t\t\t\t<\/div>\n\t\t\t\t\t\t\t\t<\/div>\n\t\t\t\t<\/div>\n\t\t\t\t\t<\/div>\n\t\t<\/div>\n\t\t\t\t\t<\/div>\n\t\t<\/section>\n\t\t\t\t<div class=\"elementor-element elementor-element-ef600d5 elementor-widget elementor-widget-spacer\" data-id=\"ef600d5\" data-element_type=\"widget\" data-e-type=\"widget\" data-widget_type=\"spacer.default\">\n\t\t\t\t<div class=\"elementor-widget-container\">\n\t\t\t\t\t\t\t<div class=\"elementor-spacer\">\n\t\t\t<div class=\"elementor-spacer-inner\"><\/div>\n\t\t<\/div>\n\t\t\t\t\t\t<\/div>\n\t\t\t\t<\/div>\n\t\t\t\t\t<\/div>\n\t\t<\/div>\n\t\t\t\t\t<\/div>\n\t\t<\/section>\n\t\t\t\t<\/div>\n\t\t","protected":false},"excerpt":{"rendered":"<p>Veggie twister tortilla 183 g. The same legendary original taste our guests know and love, now made without meat. We offer a Veggie range where all products are prepared with our Veggie Tenders! Veggie Twister tortilla is filled with Veggie strips, iceberg lettuce, mayonnaise and chopped tomato. What is Veggie? INFO Nutritions Allergens<\/p>\n","protected":false},"author":1,"featured_media":4029,"parent":5061,"menu_order":0,"comment_status":"closed","ping_status":"closed","template":"","meta":{"site-sidebar-layout":"no-sidebar","site-content-layout":"page-builder","ast-site-content-layout":"default","site-content-style":"default","site-sidebar-style":"default","ast-global-header-display":"","ast-banner-title-visibility":"","ast-main-header-display":"","ast-hfb-above-header-display":"","ast-hfb-below-header-display":"","ast-hfb-mobile-header-display":"","site-post-title":"disabled","ast-breadcrumbs-content":"","ast-featured-img":"disabled","footer-sml-layout":"","ast-disable-related-posts":"","theme-transparent-header-meta":"","adv-header-id-meta":"","stick-header-meta":"","header-above-stick-meta":"","header-main-stick-meta":"","header-below-stick-meta":"","astra-migrate-meta-layouts":"default","ast-page-background-enabled":"default","ast-page-background-meta":{"desktop":{"background-color":"var(--ast-global-color-4)","background-image":"","background-repeat":"repeat","background-position":"center center","background-size":"auto","background-attachment":"scroll","background-type":"","background-media":"","overlay-type":"","overlay-color":"","overlay-opacity":"","overlay-gradient":""},"tablet":{"background-color":"","background-image":"","background-repeat":"repeat","background-position":"center center","background-size":"auto","background-attachment":"scroll","background-type":"","background-media":"","overlay-type":"","overlay-color":"","overlay-opacity":"","overlay-gradient":""},"mobile":{"background-color":"","background-image":"","background-repeat":"repeat","background-position":"center center","background-size":"auto","background-attachment":"scroll","background-type":"","background-media":"","overlay-type":"","overlay-color":"","overlay-opacity":"","overlay-gradient":""}},"ast-content-background-meta":{"desktop":{"background-color":"var(--ast-global-color-5)","background-image":"","background-repeat":"repeat","background-position":"center center","background-size":"auto","background-attachment":"scroll","background-type":"","background-media":"","overlay-type":"","overlay-color":"","overlay-opacity":"","overlay-gradient":""},"tablet":{"background-color":"var(--ast-global-color-5)","background-image":"","background-repeat":"repeat","background-position":"center center","background-size":"auto","background-attachment":"scroll","background-type":"","background-media":"","overlay-type":"","overlay-color":"","overlay-opacity":"","overlay-gradient":""},"mobile":{"background-color":"var(--ast-global-color-5)","background-image":"","background-repeat":"repeat","background-position":"center center","background-size":"auto","background-attachment":"scroll","background-type":"","background-media":"","overlay-type":"","overlay-color":"","overlay-opacity":"","overlay-gradient":""}},"footnotes":""},"class_list":["post-5467","page","type-page","status-publish","has-post-thumbnail","hentry"],"yoast_head":"<!-- This site is optimized with the Yoast SEO plugin v27.3 - https:\/\/yoast.com\/product\/yoast-seo-wordpress\/ -->\n<title>Veggie twister tortilla - KFC<\/title>\n<meta name=\"description\" content=\"Veggie Twister tortilla is filled with Veggie strips, iceberg lettuce, mayonnaise and chopped tomato.\" \/>\n<meta name=\"robots\" content=\"index, follow, max-snippet:-1, max-image-preview:large, max-video-preview:-1\" \/>\n<link rel=\"canonical\" href=\"https:\/\/kfc.lv\/en\/products\/veggie-twister-tortilla\/\" \/>\n<meta property=\"og:locale\" content=\"en_US\" \/>\n<meta property=\"og:type\" content=\"article\" \/>\n<meta property=\"og:title\" content=\"Veggie twister tortilla - KFC\" \/>\n<meta property=\"og:description\" content=\"Veggie Twister tortilla is filled with Veggie strips, iceberg lettuce, mayonnaise and chopped tomato.\" \/>\n<meta property=\"og:url\" content=\"https:\/\/kfc.lv\/en\/products\/veggie-twister-tortilla\/\" \/>\n<meta property=\"og:site_name\" content=\"KFC\" \/>\n<meta property=\"article:modified_time\" content=\"2022-11-24T13:23:01+00:00\" \/>\n<meta property=\"og:image\" content=\"https:\/\/kfc.lv\/wp-content\/uploads\/2022\/09\/VEGGIE-TWISTER.png\" \/>\n\t<meta property=\"og:image:width\" content=\"512\" \/>\n\t<meta property=\"og:image:height\" content=\"512\" \/>\n\t<meta property=\"og:image:type\" content=\"image\/png\" \/>\n<meta name=\"twitter:card\" content=\"summary_large_image\" \/>\n<meta name=\"twitter:label1\" content=\"Est. reading time\" \/>\n\t<meta name=\"twitter:data1\" content=\"1 minute\" \/>\n<script type=\"application\/ld+json\" class=\"yoast-schema-graph\">{\"@context\":\"https:\\\/\\\/schema.org\",\"@graph\":[{\"@type\":\"WebPage\",\"@id\":\"https:\\\/\\\/kfc.lv\\\/en\\\/products\\\/veggie-twister-tortilla\\\/\",\"url\":\"https:\\\/\\\/kfc.lv\\\/en\\\/products\\\/veggie-twister-tortilla\\\/\",\"name\":\"Veggie twister tortilla - KFC\",\"isPartOf\":{\"@id\":\"https:\\\/\\\/kfc.lv\\\/en\\\/#website\"},\"primaryImageOfPage\":{\"@id\":\"https:\\\/\\\/kfc.lv\\\/en\\\/products\\\/veggie-twister-tortilla\\\/#primaryimage\"},\"image\":{\"@id\":\"https:\\\/\\\/kfc.lv\\\/en\\\/products\\\/veggie-twister-tortilla\\\/#primaryimage\"},\"thumbnailUrl\":\"https:\\\/\\\/kfc.lv\\\/wp-content\\\/uploads\\\/2022\\\/09\\\/VEGGIE-TWISTER.png\",\"datePublished\":\"2022-09-13T15:47:13+00:00\",\"dateModified\":\"2022-11-24T13:23:01+00:00\",\"description\":\"Veggie Twister tortilla is filled with Veggie strips, iceberg lettuce, mayonnaise and chopped tomato.\",\"breadcrumb\":{\"@id\":\"https:\\\/\\\/kfc.lv\\\/en\\\/products\\\/veggie-twister-tortilla\\\/#breadcrumb\"},\"inLanguage\":\"en-US\",\"potentialAction\":[{\"@type\":\"ReadAction\",\"target\":[\"https:\\\/\\\/kfc.lv\\\/en\\\/products\\\/veggie-twister-tortilla\\\/\"]}]},{\"@type\":\"ImageObject\",\"inLanguage\":\"en-US\",\"@id\":\"https:\\\/\\\/kfc.lv\\\/en\\\/products\\\/veggie-twister-tortilla\\\/#primaryimage\",\"url\":\"https:\\\/\\\/kfc.lv\\\/wp-content\\\/uploads\\\/2022\\\/09\\\/VEGGIE-TWISTER.png\",\"contentUrl\":\"https:\\\/\\\/kfc.lv\\\/wp-content\\\/uploads\\\/2022\\\/09\\\/VEGGIE-TWISTER.png\",\"width\":512,\"height\":512,\"caption\":\"Veggie tortilla kfc\"},{\"@type\":\"BreadcrumbList\",\"@id\":\"https:\\\/\\\/kfc.lv\\\/en\\\/products\\\/veggie-twister-tortilla\\\/#breadcrumb\",\"itemListElement\":[{\"@type\":\"ListItem\",\"position\":1,\"name\":\"Products\",\"item\":\"https:\\\/\\\/kfc.lv\\\/en\\\/products\\\/\"},{\"@type\":\"ListItem\",\"position\":2,\"name\":\"Veggie twister tortilla\"}]},{\"@type\":\"WebSite\",\"@id\":\"https:\\\/\\\/kfc.lv\\\/en\\\/#website\",\"url\":\"https:\\\/\\\/kfc.lv\\\/en\\\/\",\"name\":\"KFC\",\"description\":\"Ofici\u0101l\u0101 m\u0101jas lapa Latvij\u0101\",\"publisher\":{\"@id\":\"https:\\\/\\\/kfc.lv\\\/en\\\/#organization\"},\"potentialAction\":[{\"@type\":\"SearchAction\",\"target\":{\"@type\":\"EntryPoint\",\"urlTemplate\":\"https:\\\/\\\/kfc.lv\\\/en\\\/?s={search_term_string}\"},\"query-input\":{\"@type\":\"PropertyValueSpecification\",\"valueRequired\":true,\"valueName\":\"search_term_string\"}}],\"inLanguage\":\"en-US\"},{\"@type\":\"Organization\",\"@id\":\"https:\\\/\\\/kfc.lv\\\/en\\\/#organization\",\"name\":\"KFC Latvija\",\"url\":\"https:\\\/\\\/kfc.lv\\\/en\\\/\",\"logo\":{\"@type\":\"ImageObject\",\"inLanguage\":\"en-US\",\"@id\":\"https:\\\/\\\/kfc.lv\\\/en\\\/#\\\/schema\\\/logo\\\/image\\\/\",\"url\":\"https:\\\/\\\/kfc.lv\\\/wp-content\\\/uploads\\\/2021\\\/10\\\/KFC-favicon-round.png\",\"contentUrl\":\"https:\\\/\\\/kfc.lv\\\/wp-content\\\/uploads\\\/2021\\\/10\\\/KFC-favicon-round.png\",\"width\":300,\"height\":300,\"caption\":\"KFC Latvija\"},\"image\":{\"@id\":\"https:\\\/\\\/kfc.lv\\\/en\\\/#\\\/schema\\\/logo\\\/image\\\/\"}}]}<\/script>\n<!-- \/ Yoast SEO plugin. -->","yoast_head_json":{"title":"Veggie twister tortilla - KFC","description":"Veggie Twister tortilla is filled with Veggie strips, iceberg lettuce, mayonnaise and chopped tomato.","robots":{"index":"index","follow":"follow","max-snippet":"max-snippet:-1","max-image-preview":"max-image-preview:large","max-video-preview":"max-video-preview:-1"},"canonical":"https:\/\/kfc.lv\/en\/products\/veggie-twister-tortilla\/","og_locale":"en_US","og_type":"article","og_title":"Veggie twister tortilla - KFC","og_description":"Veggie Twister tortilla is filled with Veggie strips, iceberg lettuce, mayonnaise and chopped tomato.","og_url":"https:\/\/kfc.lv\/en\/products\/veggie-twister-tortilla\/","og_site_name":"KFC","article_modified_time":"2022-11-24T13:23:01+00:00","og_image":[{"width":512,"height":512,"url":"https:\/\/kfc.lv\/wp-content\/uploads\/2022\/09\/VEGGIE-TWISTER.png","type":"image\/png"}],"twitter_card":"summary_large_image","twitter_misc":{"Est. reading time":"1 minute"},"schema":{"@context":"https:\/\/schema.org","@graph":[{"@type":"WebPage","@id":"https:\/\/kfc.lv\/en\/products\/veggie-twister-tortilla\/","url":"https:\/\/kfc.lv\/en\/products\/veggie-twister-tortilla\/","name":"Veggie twister tortilla - KFC","isPartOf":{"@id":"https:\/\/kfc.lv\/en\/#website"},"primaryImageOfPage":{"@id":"https:\/\/kfc.lv\/en\/products\/veggie-twister-tortilla\/#primaryimage"},"image":{"@id":"https:\/\/kfc.lv\/en\/products\/veggie-twister-tortilla\/#primaryimage"},"thumbnailUrl":"https:\/\/kfc.lv\/wp-content\/uploads\/2022\/09\/VEGGIE-TWISTER.png","datePublished":"2022-09-13T15:47:13+00:00","dateModified":"2022-11-24T13:23:01+00:00","description":"Veggie Twister tortilla is filled with Veggie strips, iceberg lettuce, mayonnaise and chopped tomato.","breadcrumb":{"@id":"https:\/\/kfc.lv\/en\/products\/veggie-twister-tortilla\/#breadcrumb"},"inLanguage":"en-US","potentialAction":[{"@type":"ReadAction","target":["https:\/\/kfc.lv\/en\/products\/veggie-twister-tortilla\/"]}]},{"@type":"ImageObject","inLanguage":"en-US","@id":"https:\/\/kfc.lv\/en\/products\/veggie-twister-tortilla\/#primaryimage","url":"https:\/\/kfc.lv\/wp-content\/uploads\/2022\/09\/VEGGIE-TWISTER.png","contentUrl":"https:\/\/kfc.lv\/wp-content\/uploads\/2022\/09\/VEGGIE-TWISTER.png","width":512,"height":512,"caption":"Veggie tortilla kfc"},{"@type":"BreadcrumbList","@id":"https:\/\/kfc.lv\/en\/products\/veggie-twister-tortilla\/#breadcrumb","itemListElement":[{"@type":"ListItem","position":1,"name":"Products","item":"https:\/\/kfc.lv\/en\/products\/"},{"@type":"ListItem","position":2,"name":"Veggie twister tortilla"}]},{"@type":"WebSite","@id":"https:\/\/kfc.lv\/en\/#website","url":"https:\/\/kfc.lv\/en\/","name":"KFC","description":"Ofici\u0101l\u0101 m\u0101jas lapa Latvij\u0101","publisher":{"@id":"https:\/\/kfc.lv\/en\/#organization"},"potentialAction":[{"@type":"SearchAction","target":{"@type":"EntryPoint","urlTemplate":"https:\/\/kfc.lv\/en\/?s={search_term_string}"},"query-input":{"@type":"PropertyValueSpecification","valueRequired":true,"valueName":"search_term_string"}}],"inLanguage":"en-US"},{"@type":"Organization","@id":"https:\/\/kfc.lv\/en\/#organization","name":"KFC Latvija","url":"https:\/\/kfc.lv\/en\/","logo":{"@type":"ImageObject","inLanguage":"en-US","@id":"https:\/\/kfc.lv\/en\/#\/schema\/logo\/image\/","url":"https:\/\/kfc.lv\/wp-content\/uploads\/2021\/10\/KFC-favicon-round.png","contentUrl":"https:\/\/kfc.lv\/wp-content\/uploads\/2021\/10\/KFC-favicon-round.png","width":300,"height":300,"caption":"KFC Latvija"},"image":{"@id":"https:\/\/kfc.lv\/en\/#\/schema\/logo\/image\/"}}]}},"_links":{"self":[{"href":"https:\/\/kfc.lv\/en\/wp-json\/wp\/v2\/pages\/5467","targetHints":{"allow":["GET"]}}],"collection":[{"href":"https:\/\/kfc.lv\/en\/wp-json\/wp\/v2\/pages"}],"about":[{"href":"https:\/\/kfc.lv\/en\/wp-json\/wp\/v2\/types\/page"}],"author":[{"embeddable":true,"href":"https:\/\/kfc.lv\/en\/wp-json\/wp\/v2\/users\/1"}],"replies":[{"embeddable":true,"href":"https:\/\/kfc.lv\/en\/wp-json\/wp\/v2\/comments?post=5467"}],"version-history":[{"count":17,"href":"https:\/\/kfc.lv\/en\/wp-json\/wp\/v2\/pages\/5467\/revisions"}],"predecessor-version":[{"id":11223,"href":"https:\/\/kfc.lv\/en\/wp-json\/wp\/v2\/pages\/5467\/revisions\/11223"}],"up":[{"embeddable":true,"href":"https:\/\/kfc.lv\/en\/wp-json\/wp\/v2\/pages\/5061"}],"wp:featuredmedia":[{"embeddable":true,"href":"https:\/\/kfc.lv\/en\/wp-json\/wp\/v2\/media\/4029"}],"wp:attachment":[{"href":"https:\/\/kfc.lv\/en\/wp-json\/wp\/v2\/media?parent=5467"}],"curies":[{"name":"wp","href":"https:\/\/api.w.org\/{rel}","templated":true}]}}