{"id":222,"date":"2021-10-12T10:00:08","date_gmt":"2021-10-12T10:00:08","guid":{"rendered":"https:\/\/kfc.mhkdisain.ee\/?page_id=222"},"modified":"2022-09-29T10:58:07","modified_gmt":"2022-09-29T07:58:07","slug":"privacy-policy","status":"publish","type":"page","link":"https:\/\/kfc.lv\/en\/privacy-policy\/","title":{"rendered":"Privacy policy"},"content":{"rendered":"\t\t<div data-elementor-type=\"wp-page\" data-elementor-id=\"222\" class=\"elementor elementor-222\" data-elementor-post-type=\"page\">\n\t\t\t\t\t\t<section class=\"elementor-section elementor-top-section elementor-element elementor-element-aa5b6c4 elementor-section-boxed elementor-section-height-default elementor-section-height-default\" data-id=\"aa5b6c4\" data-element_type=\"section\" data-e-type=\"section\">\n\t\t\t\t\t\t<div class=\"elementor-container elementor-column-gap-default\">\n\t\t\t\t\t<div class=\"elementor-column elementor-col-33 elementor-top-column elementor-element elementor-element-551c217\" data-id=\"551c217\" data-element_type=\"column\" data-e-type=\"column\">\n\t\t\t<div class=\"elementor-widget-wrap elementor-element-populated\">\n\t\t\t\t\t\t<div class=\"elementor-element elementor-element-179dbf4 elementor-tablet-align-left elementor-widget elementor-widget-button\" data-id=\"179dbf4\" data-element_type=\"widget\" data-e-type=\"widget\" data-widget_type=\"button.default\">\n\t\t\t\t<div class=\"elementor-widget-container\">\n\t\t\t\t\t\t\t\t\t<div class=\"elementor-button-wrapper\">\n\t\t\t\t\t<a class=\"elementor-button elementor-button-link elementor-size-sm\" href=\"https:\/\/kfc.lv\/en\/\">\n\t\t\t\t\t\t<span class=\"elementor-button-content-wrapper\">\n\t\t\t\t\t\t<span class=\"elementor-button-icon\">\n\t\t\t\t<i aria-hidden=\"true\" class=\"fas fa-long-arrow-alt-left\"><\/i>\t\t\t<\/span>\n\t\t\t\t\t\t\t\t\t<span class=\"elementor-button-text\">Back<\/span>\n\t\t\t\t\t<\/span>\n\t\t\t\t\t<\/a>\n\t\t\t\t<\/div>\n\t\t\t\t\t\t\t\t<\/div>\n\t\t\t\t<\/div>\n\t\t\t\t\t<\/div>\n\t\t<\/div>\n\t\t\t\t<div class=\"elementor-column elementor-col-33 elementor-top-column elementor-element elementor-element-051085f\" data-id=\"051085f\" data-element_type=\"column\" data-e-type=\"column\">\n\t\t\t<div class=\"elementor-widget-wrap elementor-element-populated\">\n\t\t\t\t\t\t<div class=\"elementor-element elementor-element-e131169 elementor-widget elementor-widget-heading\" data-id=\"e131169\" data-element_type=\"widget\" data-e-type=\"widget\" data-widget_type=\"heading.default\">\n\t\t\t\t<div class=\"elementor-widget-container\">\n\t\t\t\t\t<h2 class=\"elementor-heading-title elementor-size-default\">PRIVACY POLICY<\/h2>\t\t\t\t<\/div>\n\t\t\t\t<\/div>\n\t\t\t\t\t<\/div>\n\t\t<\/div>\n\t\t\t\t<div class=\"elementor-column elementor-col-33 elementor-top-column elementor-element elementor-element-b48579c elementor-hidden-mobile\" data-id=\"b48579c\" data-element_type=\"column\" data-e-type=\"column\">\n\t\t\t<div class=\"elementor-widget-wrap\">\n\t\t\t\t\t\t\t<\/div>\n\t\t<\/div>\n\t\t\t\t\t<\/div>\n\t\t<\/section>\n\t\t\t\t<section class=\"elementor-section elementor-top-section elementor-element elementor-element-1086f20 elementor-section-boxed elementor-section-height-default elementor-section-height-default\" data-id=\"1086f20\" data-element_type=\"section\" data-e-type=\"section\">\n\t\t\t\t\t\t<div class=\"elementor-container elementor-column-gap-default\">\n\t\t\t\t\t<div class=\"elementor-column elementor-col-33 elementor-top-column elementor-element elementor-element-607f54b\" data-id=\"607f54b\" data-element_type=\"column\" data-e-type=\"column\">\n\t\t\t<div class=\"elementor-widget-wrap\">\n\t\t\t\t\t\t\t<\/div>\n\t\t<\/div>\n\t\t\t\t<div class=\"elementor-column elementor-col-33 elementor-top-column elementor-element elementor-element-3e08f09\" data-id=\"3e08f09\" data-element_type=\"column\" data-e-type=\"column\">\n\t\t\t<div class=\"elementor-widget-wrap elementor-element-populated\">\n\t\t\t\t\t\t<div class=\"elementor-element elementor-element-db8928c elementor-widget elementor-widget-text-editor\" data-id=\"db8928c\" data-element_type=\"widget\" data-e-type=\"widget\" data-widget_type=\"text-editor.default\">\n\t\t\t\t<div class=\"elementor-widget-container\">\n\t\t\t\t\t\t\t\t\t<p><strong>The terms and conditions of using cookies<\/strong><\/p><p>In the current terms and conditions of Apollo Group O\u00dc (registry code 12383236, address Tartu mnt 80D, 10112, Tallinn, hereafter referred to as Apollo Group) and the use of cookies we explain which cookies and similar technologies are used on KFC websites managed by Apollo Group, their subdomains and mobile applications. Apollo Group is not responsible for technologies used by third party cookies. Third parties and their privacy terms and conditions are indicated in the preferences\u2019 description at the bottom of the webpage.<\/p><p><strong>What are cookies?<\/strong> Cookies are small text files which are saved into your computer or other device when visiting KFC website.<\/p><p><strong>Why does Apollo Group use cookies?<\/strong> Cookies are necessary for providing a better user experience. Cookies enable Apollo Group\u2019s websites to remember your preferences when visiting our website, such as your preferred language or the ability to recognise your device. We use the data that we receive through cookies to improve the content and user experience of Apollo Group\u2019s websites. Cookies are also necessary for tracking user statistics. If you do not allow cookies, the website\u2019s functions might not be available to you.<\/p><ol><li><strong> Types of cookies and the collected data<\/strong><\/li><\/ol><p>1.1. Cookies can be divided based on their installation time: + temporary, session-based cookies \u2013 they enable connection of the user\u2019s activities while they are navigating the website temporarily, from the point of opening the website to closing it or once four hours have passed from the last viewing of the website; + permanent cookies \u2013 they are saved on the user\u2019s device permanently for a time defined for the cookie and activated every time the user visits the webpage on which the cookie was installed. 1.2. Cookies can also be divided by their ownership: + first-party cookies \u2013 they originate from the viewed website. They enable websites to retain data which will be reused the next time you visit the website. In terms of processing personal data, the responsible processor (or any processor authorised by the first party). who manages the website installs the first-party cookies; + third-party cookies \u2013 they originate from other websites\u2019 advertisements which are on the website that the user visited. In terms of processing personal data, a responsible processor who is not the manager of the website installs the third-party cookies. We have no control over their cookies or how third-parties use their cookies. If you want to learn more about how these cookies work and how to manage or delete them, you can visit the following website: Your Online Choices. 1.3. The data collected by cookies and categorisation based on their purpose: + necessary cookies \u2013 these are necessary for navigating the website, using its functions and providing services to the users. Without installing these cookies, it is not possible for the user to use the website or its services. The data saved by the necessary cookies depend on the specific cookies. In general, cookies save the following data: amendments in privacy settings, which services the user wishes to consume (I.e. service information), login information (e.g. saving your username), recognition of the malicious use of the website (i.e. information about it), differentiation between a human and a bot and collecting necessary information about the use of the website. Cookies used for displaying and processing non-personalised advertisements also belong in this category; + statistics cookies \u2013 collect data about how users use the website, for example which pages they use the most often and which error messages they report. For personalised analytics cookies, see the previous description. Some of the collected data will be joined and anonymised. The purpose of these cookies is to enhance the functioning of the websites; Statistics cookies collect data about visiting and using the website (including which (sub)pages or parts of pages were opened). For example, the following data will be collected about the user\u2019s device\/ communication\/experience with the website (e.g. error messages), the user device\u2019s IP-address and location. The analytics cookies do not have access to IP-addresses; + preferences cookies \u2013 they enable the website to remember the preferences a user has selected (e.g. the font size, other changes that can be done on the website) and identifiers (e.g. the username, language or home country of the user) to offer more a customised and comfortable user experience; Although preference cookies are separated from necessary cookies, they are still necessary for enabling the most suitable display for the user. What data is saved depends on the specific cookies. In general, technical data about the user\u2019s device is collected to decide the suitable video quality, save the user\u2019s preferences (e.g. the font size, other changes that can be done on the website) and identifiers (e.g. user name, language, home country). + personalised advertising cookies (including individual analytics, tracking cookies) \u2013 these cookies enable the display of customised advertisements and conducting of market research and analysis by using data about the user\u2019s behaviour and interests. The collected data might be shared with advertisement networks and providers. Personalised advertising cookies and individual analytics cookies collect data about the user\u2019s website visits and use (i.e. their interests and behaviour) to display presumably interesting advertisement for the user (considering the data about the user\u2019s website use), data about the displayed advertisement and their reaction to it (whether the individual opened a certain advertisement\/offer), data about the user\u2019s device (to recognise it next time) and much more. Social media cookies are also seen as advertising cookies and are not only included if the User wants to share content. 1.4. Apollo Groups uses the cookies described above for the following purposes: + the seamless functioning of their websites and providing services; + to enhance the user experience and access to their websites; + to display advertisements; + to improve the website\u2019s content\/service \u2013 the statistics and analytics cookies allow us to improve the content based on the number of readers. This provides us invaluable information about what people are currently interested in; + if necessary, the collected personal data can be used as evidence in court or in another law enforcement organisation (such as for the purposes of proving the process of data protection).<\/p><ol start=\"2\"><li><strong> The legal basis for processing data<\/strong><\/li><\/ol><p>2.1. Apollo Group processes personal data based on an agreement, fulfilling a contract or justified interest. 2.2. Agreement. Apollo Group asks for consent to use cookies to display personalised advertisement. 2.3. The basis for processing (justified interest or to fulfil a contract) according to the type of cookie if the basis for processing is not agreement; + necessary cookies \u2013 since necessary cookies are needed to provide services and without them it is not possible to provide services, an agreement is not necessary to use these cookies. Necessary cookies are automatically enabled and it is not possible to turn them off. The basis for processing is either the justified interest or a contract if the use of cookies is necessary for the user and the company belonging to Apollo Group in order to fulfil a contract. + statistics cookies \u2013 the use of statistics\/ analytics cookies is essential for the Media Company to create interesting content for the user and ensure a good user experience. The basis for processing is the justified interest for the respective cookies and those cookies can be turned off. + preference cookies \u2013 although they are not essential for the technical functioning of the service, preference cookies are essential for providing an appropriate service to the user and ensuring a comfortable user experience, as the respective cookies generally save preferences for language, video quality, page size, etc. The basis for the preferences cookies is the justified interest and they can be disabled at the request of the user. + personalised advertising cookies (including personal analytics, tracking cookies) \u2013 the basis for processing is either user agreement or justified interest. These cookies are not automatically enabled; the User must give their consent for using personalised advertising cookies. Products and services will be advertised based on these cookies even when you visit other websites. The advertisements are based on data about the user\u2019s behaviour and interests, such as how often the user sees the specific advertisement. Advertising cookies enable us to measure the effectiveness of our marketing campaigns. Displaying third party advertisements also contributes to paying the management fees of the website, thus it allows the user to use the website without paying registration or usage fees.<\/p><ol start=\"3\"><li><strong> Changing the cookies settings<\/strong><\/li><\/ol><p>3.1. Apollo Group enables users to manage the use of cookies, including enabling and disabling cookies based on their types (except necessary cookies). You can change your preferences at any time by clicking on the cookies preferences link at the bottom of the website. 3.2. Settings for cookies can be managed through your web browser: + Internet Explorer:\u202fhttp:\/\/support.microsoft.com\/kb\/278835 + Chrome:\u202fhttps:\/\/support.google.com\/chrome\/answer\/95647?hl=en + Firefox:\u202fhttp:\/\/support.mozilla.org\/en-US\/kb\/Clear%20Recent%20History + Opera:\u202fhttps:\/\/www.opera.com\/help\/tutorials\/security\/privacy\/ + Safari:\u202fhttp:\/\/support.apple.com\/kb\/PH5042<\/p><p>The current terms and conditions of cookies were last changed in August 2021.<\/p>\t\t\t\t\t\t\t\t<\/div>\n\t\t\t\t<\/div>\n\t\t\t\t\t<\/div>\n\t\t<\/div>\n\t\t\t\t<div class=\"elementor-column elementor-col-33 elementor-top-column elementor-element elementor-element-58a2c00\" data-id=\"58a2c00\" data-element_type=\"column\" data-e-type=\"column\">\n\t\t\t<div class=\"elementor-widget-wrap\">\n\t\t\t\t\t\t\t<\/div>\n\t\t<\/div>\n\t\t\t\t\t<\/div>\n\t\t<\/section>\n\t\t\t\t<\/div>\n\t\t","protected":false},"excerpt":{"rendered":"<p>Back PRIVACY POLICY The terms and conditions of using cookies In the current terms and conditions of Apollo Group O\u00dc (registry code 12383236, address Tartu mnt 80D, 10112, Tallinn, hereafter referred to as Apollo Group) and the use of cookies we explain which cookies and similar technologies are used on KFC websites managed by Apollo [&hellip;]<\/p>\n","protected":false},"author":1,"featured_media":0,"parent":0,"menu_order":0,"comment_status":"closed","ping_status":"closed","template":"","meta":{"site-sidebar-layout":"no-sidebar","site-content-layout":"page-builder","ast-site-content-layout":"default","site-content-style":"default","site-sidebar-style":"default","ast-global-header-display":"","ast-banner-title-visibility":"","ast-main-header-display":"","ast-hfb-above-header-display":"","ast-hfb-below-header-display":"","ast-hfb-mobile-header-display":"","site-post-title":"disabled","ast-breadcrumbs-content":"","ast-featured-img":"disabled","footer-sml-layout":"","ast-disable-related-posts":"","theme-transparent-header-meta":"default","adv-header-id-meta":"","stick-header-meta":"","header-above-stick-meta":"","header-main-stick-meta":"","header-below-stick-meta":"","astra-migrate-meta-layouts":"default","ast-page-background-enabled":"default","ast-page-background-meta":{"desktop":{"background-color":"var(--ast-global-color-4)","background-image":"","background-repeat":"repeat","background-position":"center center","background-size":"auto","background-attachment":"scroll","background-type":"","background-media":"","overlay-type":"","overlay-color":"","overlay-opacity":"","overlay-gradient":""},"tablet":{"background-color":"","background-image":"","background-repeat":"repeat","background-position":"center center","background-size":"auto","background-attachment":"scroll","background-type":"","background-media":"","overlay-type":"","overlay-color":"","overlay-opacity":"","overlay-gradient":""},"mobile":{"background-color":"","background-image":"","background-repeat":"repeat","background-position":"center center","background-size":"auto","background-attachment":"scroll","background-type":"","background-media":"","overlay-type":"","overlay-color":"","overlay-opacity":"","overlay-gradient":""}},"ast-content-background-meta":{"desktop":{"background-color":"var(--ast-global-color-5)","background-image":"","background-repeat":"repeat","background-position":"center center","background-size":"auto","background-attachment":"scroll","background-type":"","background-media":"","overlay-type":"","overlay-color":"","overlay-opacity":"","overlay-gradient":""},"tablet":{"background-color":"var(--ast-global-color-5)","background-image":"","background-repeat":"repeat","background-position":"center center","background-size":"auto","background-attachment":"scroll","background-type":"","background-media":"","overlay-type":"","overlay-color":"","overlay-opacity":"","overlay-gradient":""},"mobile":{"background-color":"var(--ast-global-color-5)","background-image":"","background-repeat":"repeat","background-position":"center center","background-size":"auto","background-attachment":"scroll","background-type":"","background-media":"","overlay-type":"","overlay-color":"","overlay-opacity":"","overlay-gradient":""}},"footnotes":""},"class_list":["post-222","page","type-page","status-publish","hentry"],"yoast_head":"<!-- This site is optimized with the Yoast SEO plugin v27.3 - https:\/\/yoast.com\/product\/yoast-seo-wordpress\/ -->\n<title>Privacy policy - KFC Finland.<\/title>\n<meta name=\"description\" content=\"Privacy terms and cookie conditions of KFC Finland website.\" \/>\n<meta name=\"robots\" content=\"index, follow, max-snippet:-1, max-image-preview:large, max-video-preview:-1\" \/>\n<link rel=\"canonical\" href=\"https:\/\/kfc.lv\/en\/privacy-policy\/\" \/>\n<meta property=\"og:locale\" content=\"en_US\" \/>\n<meta property=\"og:type\" content=\"article\" \/>\n<meta property=\"og:title\" content=\"Privacy policy - KFC Finland.\" \/>\n<meta property=\"og:description\" content=\"Privacy terms and cookie conditions of KFC Finland website.\" \/>\n<meta property=\"og:url\" content=\"https:\/\/kfc.lv\/en\/privacy-policy\/\" \/>\n<meta property=\"og:site_name\" content=\"KFC\" \/>\n<meta property=\"article:modified_time\" content=\"2022-09-29T07:58:07+00:00\" \/>\n<meta name=\"twitter:card\" content=\"summary_large_image\" \/>\n<meta name=\"twitter:label1\" content=\"Est. reading time\" \/>\n\t<meta name=\"twitter:data1\" content=\"7 minutes\" \/>\n<script type=\"application\/ld+json\" class=\"yoast-schema-graph\">{\"@context\":\"https:\\\/\\\/schema.org\",\"@graph\":[{\"@type\":\"WebPage\",\"@id\":\"https:\\\/\\\/kfc.lv\\\/en\\\/privacy-policy\\\/\",\"url\":\"https:\\\/\\\/kfc.lv\\\/en\\\/privacy-policy\\\/\",\"name\":\"Privacy policy - KFC Finland.\",\"isPartOf\":{\"@id\":\"https:\\\/\\\/kfc.lv\\\/en\\\/#website\"},\"datePublished\":\"2021-10-12T10:00:08+00:00\",\"dateModified\":\"2022-09-29T07:58:07+00:00\",\"description\":\"Privacy terms and cookie conditions of KFC Finland website.\",\"inLanguage\":\"en-US\",\"potentialAction\":[{\"@type\":\"ReadAction\",\"target\":[\"https:\\\/\\\/kfc.lv\\\/en\\\/privacy-policy\\\/\"]}]},{\"@type\":\"WebSite\",\"@id\":\"https:\\\/\\\/kfc.lv\\\/en\\\/#website\",\"url\":\"https:\\\/\\\/kfc.lv\\\/en\\\/\",\"name\":\"KFC\",\"description\":\"Ofici\u0101l\u0101 m\u0101jas lapa Latvij\u0101\",\"publisher\":{\"@id\":\"https:\\\/\\\/kfc.lv\\\/en\\\/#organization\"},\"potentialAction\":[{\"@type\":\"SearchAction\",\"target\":{\"@type\":\"EntryPoint\",\"urlTemplate\":\"https:\\\/\\\/kfc.lv\\\/en\\\/?s={search_term_string}\"},\"query-input\":{\"@type\":\"PropertyValueSpecification\",\"valueRequired\":true,\"valueName\":\"search_term_string\"}}],\"inLanguage\":\"en-US\"},{\"@type\":\"Organization\",\"@id\":\"https:\\\/\\\/kfc.lv\\\/en\\\/#organization\",\"name\":\"KFC Latvija\",\"url\":\"https:\\\/\\\/kfc.lv\\\/en\\\/\",\"logo\":{\"@type\":\"ImageObject\",\"inLanguage\":\"en-US\",\"@id\":\"https:\\\/\\\/kfc.lv\\\/en\\\/#\\\/schema\\\/logo\\\/image\\\/\",\"url\":\"https:\\\/\\\/kfc.lv\\\/wp-content\\\/uploads\\\/2021\\\/10\\\/KFC-favicon-round.png\",\"contentUrl\":\"https:\\\/\\\/kfc.lv\\\/wp-content\\\/uploads\\\/2021\\\/10\\\/KFC-favicon-round.png\",\"width\":300,\"height\":300,\"caption\":\"KFC Latvija\"},\"image\":{\"@id\":\"https:\\\/\\\/kfc.lv\\\/en\\\/#\\\/schema\\\/logo\\\/image\\\/\"}}]}<\/script>\n<!-- \/ Yoast SEO plugin. -->","yoast_head_json":{"title":"Privacy policy - KFC Finland.","description":"Privacy terms and cookie conditions of KFC Finland website.","robots":{"index":"index","follow":"follow","max-snippet":"max-snippet:-1","max-image-preview":"max-image-preview:large","max-video-preview":"max-video-preview:-1"},"canonical":"https:\/\/kfc.lv\/en\/privacy-policy\/","og_locale":"en_US","og_type":"article","og_title":"Privacy policy - KFC Finland.","og_description":"Privacy terms and cookie conditions of KFC Finland website.","og_url":"https:\/\/kfc.lv\/en\/privacy-policy\/","og_site_name":"KFC","article_modified_time":"2022-09-29T07:58:07+00:00","twitter_card":"summary_large_image","twitter_misc":{"Est. reading time":"7 minutes"},"schema":{"@context":"https:\/\/schema.org","@graph":[{"@type":"WebPage","@id":"https:\/\/kfc.lv\/en\/privacy-policy\/","url":"https:\/\/kfc.lv\/en\/privacy-policy\/","name":"Privacy policy - KFC Finland.","isPartOf":{"@id":"https:\/\/kfc.lv\/en\/#website"},"datePublished":"2021-10-12T10:00:08+00:00","dateModified":"2022-09-29T07:58:07+00:00","description":"Privacy terms and cookie conditions of KFC Finland website.","inLanguage":"en-US","potentialAction":[{"@type":"ReadAction","target":["https:\/\/kfc.lv\/en\/privacy-policy\/"]}]},{"@type":"WebSite","@id":"https:\/\/kfc.lv\/en\/#website","url":"https:\/\/kfc.lv\/en\/","name":"KFC","description":"Ofici\u0101l\u0101 m\u0101jas lapa Latvij\u0101","publisher":{"@id":"https:\/\/kfc.lv\/en\/#organization"},"potentialAction":[{"@type":"SearchAction","target":{"@type":"EntryPoint","urlTemplate":"https:\/\/kfc.lv\/en\/?s={search_term_string}"},"query-input":{"@type":"PropertyValueSpecification","valueRequired":true,"valueName":"search_term_string"}}],"inLanguage":"en-US"},{"@type":"Organization","@id":"https:\/\/kfc.lv\/en\/#organization","name":"KFC Latvija","url":"https:\/\/kfc.lv\/en\/","logo":{"@type":"ImageObject","inLanguage":"en-US","@id":"https:\/\/kfc.lv\/en\/#\/schema\/logo\/image\/","url":"https:\/\/kfc.lv\/wp-content\/uploads\/2021\/10\/KFC-favicon-round.png","contentUrl":"https:\/\/kfc.lv\/wp-content\/uploads\/2021\/10\/KFC-favicon-round.png","width":300,"height":300,"caption":"KFC Latvija"},"image":{"@id":"https:\/\/kfc.lv\/en\/#\/schema\/logo\/image\/"}}]}},"_links":{"self":[{"href":"https:\/\/kfc.lv\/en\/wp-json\/wp\/v2\/pages\/222","targetHints":{"allow":["GET"]}}],"collection":[{"href":"https:\/\/kfc.lv\/en\/wp-json\/wp\/v2\/pages"}],"about":[{"href":"https:\/\/kfc.lv\/en\/wp-json\/wp\/v2\/types\/page"}],"author":[{"embeddable":true,"href":"https:\/\/kfc.lv\/en\/wp-json\/wp\/v2\/users\/1"}],"replies":[{"embeddable":true,"href":"https:\/\/kfc.lv\/en\/wp-json\/wp\/v2\/comments?post=222"}],"version-history":[{"count":24,"href":"https:\/\/kfc.lv\/en\/wp-json\/wp\/v2\/pages\/222\/revisions"}],"predecessor-version":[{"id":9536,"href":"https:\/\/kfc.lv\/en\/wp-json\/wp\/v2\/pages\/222\/revisions\/9536"}],"wp:attachment":[{"href":"https:\/\/kfc.lv\/en\/wp-json\/wp\/v2\/media?parent=222"}],"curies":[{"name":"wp","href":"https:\/\/api.w.org\/{rel}","templated":true}]}}