{"id":16296,"date":"2026-02-09T14:16:32","date_gmt":"2026-02-09T12:16:32","guid":{"rendered":"https:\/\/kfc.lv\/?page_id=16296"},"modified":"2026-02-12T12:26:39","modified_gmt":"2026-02-12T10:26:39","slug":"lunch-youll-look-forward-to","status":"publish","type":"page","link":"https:\/\/kfc.lv\/en\/news\/lunch-youll-look-forward-to\/","title":{"rendered":"Lunch You\u2019ll Look Forward To!"},"content":{"rendered":"\t\t<div data-elementor-type=\"wp-page\" data-elementor-id=\"16296\" class=\"elementor elementor-16296\" data-elementor-post-type=\"page\">\n\t\t\t\t\t\t<section class=\"elementor-section elementor-top-section elementor-element elementor-element-3771f58 elementor-section-boxed elementor-section-height-default elementor-section-height-default\" data-id=\"3771f58\" data-element_type=\"section\" data-e-type=\"section\">\n\t\t\t\t\t\t<div class=\"elementor-container elementor-column-gap-default\">\n\t\t\t\t\t<div class=\"elementor-column elementor-col-100 elementor-top-column elementor-element elementor-element-26d4d1f\" data-id=\"26d4d1f\" data-element_type=\"column\" data-e-type=\"column\">\n\t\t\t<div class=\"elementor-widget-wrap elementor-element-populated\">\n\t\t\t\t\t\t<div class=\"elementor-element elementor-element-34b0304 elementor--h-position-center elementor--v-position-middle elementor-pagination-position-inside elementor-widget elementor-widget-slides\" data-id=\"34b0304\" data-element_type=\"widget\" data-e-type=\"widget\" data-settings=\"{&quot;navigation&quot;:&quot;dots&quot;,&quot;autoplay_speed&quot;:9000,&quot;autoplay&quot;:&quot;yes&quot;,&quot;pause_on_hover&quot;:&quot;yes&quot;,&quot;pause_on_interaction&quot;:&quot;yes&quot;,&quot;infinite&quot;:&quot;yes&quot;,&quot;transition&quot;:&quot;slide&quot;,&quot;transition_speed&quot;:500}\" data-widget_type=\"slides.default\">\n\t\t\t\t<div class=\"elementor-widget-container\">\n\t\t\t\t\t\t\t\t\t<div class=\"elementor-swiper\">\n\t\t\t\t\t<div class=\"elementor-slides-wrapper elementor-main-swiper swiper\" role=\"region\" aria-roledescription=\"carousel\" aria-label=\"Slides\" dir=\"ltr\" data-animation=\"fadeInRight\">\n\t\t\t\t<div class=\"swiper-wrapper elementor-slides\">\n\t\t\t\t\t\t\t\t\t\t<div class=\"elementor-repeater-item-22f944a swiper-slide\" role=\"group\" aria-roledescription=\"slide\"><div class=\"swiper-slide-bg\" role=\"img\" aria-label=\"KFC_LV_Lunch_Offer_FEB26_WEB_LV_ENG_2400x980\"><\/div><div class=\"swiper-slide-inner\" ><div class=\"swiper-slide-contents\"><\/div><\/div><\/div>\t\t\t\t<\/div>\n\t\t\t\t\t\t\t<\/div>\n\t\t\t\t<\/div>\n\t\t\t\t\t\t\t\t<\/div>\n\t\t\t\t<\/div>\n\t\t\t\t\t<\/div>\n\t\t<\/div>\n\t\t\t\t\t<\/div>\n\t\t<\/section>\n\t\t\t\t<section class=\"elementor-section elementor-top-section elementor-element elementor-element-5333a82 elementor-section-boxed elementor-section-height-default elementor-section-height-default\" data-id=\"5333a82\" data-element_type=\"section\" data-e-type=\"section\">\n\t\t\t\t\t\t<div class=\"elementor-container elementor-column-gap-default\">\n\t\t\t\t\t<div class=\"elementor-column elementor-col-50 elementor-top-column elementor-element elementor-element-481e5ad elementor-hidden-tablet elementor-hidden-mobile\" data-id=\"481e5ad\" data-element_type=\"column\" data-e-type=\"column\">\n\t\t\t<div class=\"elementor-widget-wrap elementor-element-populated\">\n\t\t\t\t\t\t<div class=\"elementor-element elementor-element-1210721 elementor-hidden-tablet elementor-hidden-mobile elementor-widget elementor-widget-button\" data-id=\"1210721\" data-element_type=\"widget\" data-e-type=\"widget\" data-settings=\"{&quot;sticky&quot;:&quot;top&quot;,&quot;sticky_offset&quot;:300,&quot;sticky_on&quot;:[&quot;desktop&quot;,&quot;tablet&quot;,&quot;mobile&quot;],&quot;sticky_effects_offset&quot;:0,&quot;sticky_anchor_link_offset&quot;:0}\" data-widget_type=\"button.default\">\n\t\t\t\t<div class=\"elementor-widget-container\">\n\t\t\t\t\t\t\t\t\t<div class=\"elementor-button-wrapper\">\n\t\t\t\t\t<a class=\"elementor-button elementor-button-link elementor-size-sm\" href=\"https:\/\/kfc.lv\/en\/news\">\n\t\t\t\t\t\t<span class=\"elementor-button-content-wrapper\">\n\t\t\t\t\t\t<span class=\"elementor-button-icon\">\n\t\t\t\t<i aria-hidden=\"true\" class=\"fas fa-arrow-left\"><\/i>\t\t\t<\/span>\n\t\t\t\t\t\t\t\t<\/span>\n\t\t\t\t\t<\/a>\n\t\t\t\t<\/div>\n\t\t\t\t\t\t\t\t<\/div>\n\t\t\t\t<\/div>\n\t\t\t\t\t<\/div>\n\t\t<\/div>\n\t\t\t\t<div class=\"elementor-column elementor-col-50 elementor-top-column elementor-element elementor-element-03931cb\" data-id=\"03931cb\" data-element_type=\"column\" data-e-type=\"column\" data-settings=\"{&quot;background_background&quot;:&quot;classic&quot;}\">\n\t\t\t<div class=\"elementor-widget-wrap elementor-element-populated\">\n\t\t\t\t\t\t<div class=\"elementor-element elementor-element-e16cc9e elementor-widget elementor-widget-heading\" data-id=\"e16cc9e\" data-element_type=\"widget\" data-e-type=\"widget\" data-widget_type=\"heading.default\">\n\t\t\t\t<div class=\"elementor-widget-container\">\n\t\t\t\t\t<h1 class=\"elementor-heading-title elementor-size-default\">Lunch You\u2019ll Look Forward To!<\/h1>\t\t\t\t<\/div>\n\t\t\t\t<\/div>\n\t\t\t\t<div class=\"elementor-element elementor-element-29f48ed elementor-widget elementor-widget-text-editor\" data-id=\"29f48ed\" data-element_type=\"widget\" data-e-type=\"widget\" data-widget_type=\"text-editor.default\">\n\t\t\t\t<div class=\"elementor-widget-container\">\n\t\t\t\t\t\t\t\t\t<div class=\"_3mCwHQZqlj\"><p><strong>KFC is making your weekdays tastier with our new lunch menu! Enjoy the crispy aroma of our famous chicken, paired with hearty meals that satisfy both your appetite and your mood. Available in all <a href=\"https:\/\/kfc.lv\/en\/restaurants\/\" target=\"_blank\" rel=\"noopener\">restaurants<\/a> or conveniently delivered via <a href=\"https:\/\/wolt.com\/lv\/lva\/riga\/riga-lva_resto_kfc?utm_source=socialmedia&amp;utm_medium=banner&amp;utm_campaign=_SOCIAL_LVA_MerchantCampaign_Feb2023&amp;utm_content=&amp;pid=socialmedia&amp;is_retargeting=true&amp;c=_SOCIAL_LVA_MerchantCampaign_Feb2023\" target=\"_blank\" rel=\"noopener\">Wolt.<\/a><\/strong><\/p><\/div>\t\t\t\t\t\t\t\t<\/div>\n\t\t\t\t<\/div>\n\t\t\t\t<div class=\"elementor-element elementor-element-1a78be2 elementor-widget elementor-widget-text-editor\" data-id=\"1a78be2\" data-element_type=\"widget\" data-e-type=\"widget\" data-widget_type=\"text-editor.default\">\n\t\t\t\t<div class=\"elementor-widget-container\">\n\t\t\t\t\t\t\t\t\t<div class=\"_3mCwHQZqlj\">Our lunch menu is served weekdays from <strong>11:00 AM to 3:00 PM, with favorites starting at just \u20ac5,25.<\/strong><\/div>\t\t\t\t\t\t\t\t<\/div>\n\t\t\t\t<\/div>\n\t\t\t\t<div class=\"elementor-element elementor-element-e136a25 elementor-widget elementor-widget-text-editor\" data-id=\"e136a25\" data-element_type=\"widget\" data-e-type=\"widget\" data-widget_type=\"text-editor.default\">\n\t\t\t\t<div class=\"elementor-widget-container\">\n\t\t\t\t\t\t\t\t\t<div class=\"_3mCwHQZqlj\">Whether you\u2019re grabbing a quick break from work, catching up with friends, or simply treating yourself, KFC offers the perfect way to recharge and enjoy a flavorful meal.<\/div>\t\t\t\t\t\t\t\t<\/div>\n\t\t\t\t<\/div>\n\t\t\t\t<div class=\"elementor-element elementor-element-75e0e09 elementor-widget elementor-widget-text-editor\" data-id=\"75e0e09\" data-element_type=\"widget\" data-e-type=\"widget\" data-widget_type=\"text-editor.default\">\n\t\t\t\t<div class=\"elementor-widget-container\">\n\t\t\t\t\t\t\t\t\t<div class=\"_3mCwHQZqlj\">Every bite delivers the quality and taste you know and love, making lunch not just a meal, but a small adventure in every visit.<\/div>\t\t\t\t\t\t\t\t<\/div>\n\t\t\t\t<\/div>\n\t\t\t\t<div class=\"elementor-element elementor-element-e54704d elementor-widget elementor-widget-spacer\" data-id=\"e54704d\" data-element_type=\"widget\" data-e-type=\"widget\" data-widget_type=\"spacer.default\">\n\t\t\t\t<div class=\"elementor-widget-container\">\n\t\t\t\t\t\t\t<div class=\"elementor-spacer\">\n\t\t\t<div class=\"elementor-spacer-inner\"><\/div>\n\t\t<\/div>\n\t\t\t\t\t\t<\/div>\n\t\t\t\t<\/div>\n\t\t\t\t\t<\/div>\n\t\t<\/div>\n\t\t\t\t\t<\/div>\n\t\t<\/section>\n\t\t\t\t<\/div>\n\t\t","protected":false},"excerpt":{"rendered":"<p>Lunch You\u2019ll Look Forward To! KFC is making your weekdays tastier with our new lunch menu! Enjoy the crispy aroma of our famous chicken, paired with hearty meals that satisfy both your appetite and your mood. Available in all restaurants or conveniently delivered via Wolt. Our lunch menu is served weekdays from 11:00 AM to [&hellip;]<\/p>\n","protected":false},"author":1,"featured_media":16297,"parent":10739,"menu_order":0,"comment_status":"closed","ping_status":"closed","template":"","meta":{"site-sidebar-layout":"no-sidebar","site-content-layout":"page-builder","ast-site-content-layout":"full-width-container","site-content-style":"unboxed","site-sidebar-style":"unboxed","ast-global-header-display":"","ast-banner-title-visibility":"","ast-main-header-display":"","ast-hfb-above-header-display":"","ast-hfb-below-header-display":"","ast-hfb-mobile-header-display":"","site-post-title":"disabled","ast-breadcrumbs-content":"","ast-featured-img":"disabled","footer-sml-layout":"","ast-disable-related-posts":"","theme-transparent-header-meta":"","adv-header-id-meta":"","stick-header-meta":"","header-above-stick-meta":"","header-main-stick-meta":"","header-below-stick-meta":"","astra-migrate-meta-layouts":"set","ast-page-background-enabled":"default","ast-page-background-meta":{"desktop":{"background-color":"var(--ast-global-color-4)","background-image":"","background-repeat":"repeat","background-position":"center center","background-size":"auto","background-attachment":"scroll","background-type":"","background-media":"","overlay-type":"","overlay-color":"","overlay-opacity":"","overlay-gradient":""},"tablet":{"background-color":"","background-image":"","background-repeat":"repeat","background-position":"center center","background-size":"auto","background-attachment":"scroll","background-type":"","background-media":"","overlay-type":"","overlay-color":"","overlay-opacity":"","overlay-gradient":""},"mobile":{"background-color":"","background-image":"","background-repeat":"repeat","background-position":"center center","background-size":"auto","background-attachment":"scroll","background-type":"","background-media":"","overlay-type":"","overlay-color":"","overlay-opacity":"","overlay-gradient":""}},"ast-content-background-meta":{"desktop":{"background-color":"var(--ast-global-color-5)","background-image":"","background-repeat":"repeat","background-position":"center center","background-size":"auto","background-attachment":"scroll","background-type":"","background-media":"","overlay-type":"","overlay-color":"","overlay-opacity":"","overlay-gradient":""},"tablet":{"background-color":"var(--ast-global-color-5)","background-image":"","background-repeat":"repeat","background-position":"center center","background-size":"auto","background-attachment":"scroll","background-type":"","background-media":"","overlay-type":"","overlay-color":"","overlay-opacity":"","overlay-gradient":""},"mobile":{"background-color":"var(--ast-global-color-5)","background-image":"","background-repeat":"repeat","background-position":"center center","background-size":"auto","background-attachment":"scroll","background-type":"","background-media":"","overlay-type":"","overlay-color":"","overlay-opacity":"","overlay-gradient":""}},"footnotes":""},"class_list":["post-16296","page","type-page","status-publish","has-post-thumbnail","hentry"],"yoast_head":"<!-- This site is optimized with the Yoast SEO plugin v27.3 - https:\/\/yoast.com\/product\/yoast-seo-wordpress\/ -->\n<title>Lunch You\u2019ll Look Forward To! - KFC<\/title>\n<meta name=\"description\" content=\"KFC is making your weekdays tastier with our new lunch menu! Enjoy the crispy aroma of our famous chicken, paired with hearty meals that satisfy both your appetite and your mood.\" \/>\n<meta name=\"robots\" content=\"index, follow, max-snippet:-1, max-image-preview:large, max-video-preview:-1\" \/>\n<link rel=\"canonical\" href=\"https:\/\/kfc.lv\/en\/news\/lunch-youll-look-forward-to\/\" \/>\n<meta property=\"og:locale\" content=\"en_US\" \/>\n<meta property=\"og:type\" content=\"article\" \/>\n<meta property=\"og:title\" content=\"Lunch You\u2019ll Look Forward To! - KFC\" \/>\n<meta property=\"og:description\" content=\"KFC is making your weekdays tastier with our new lunch menu! Enjoy the crispy aroma of our famous chicken, paired with hearty meals that satisfy both your appetite and your mood.\" \/>\n<meta property=\"og:url\" content=\"https:\/\/kfc.lv\/en\/news\/lunch-youll-look-forward-to\/\" \/>\n<meta property=\"og:site_name\" content=\"KFC\" \/>\n<meta property=\"article:modified_time\" content=\"2026-02-12T10:26:39+00:00\" \/>\n<meta property=\"og:image\" content=\"https:\/\/kfc.lv\/wp-content\/uploads\/2026\/02\/KFC_LV_Lunch_Offer_FEB26_WEB_LV_ENG_1200x800.jpg\" \/>\n\t<meta property=\"og:image:width\" content=\"1200\" \/>\n\t<meta property=\"og:image:height\" content=\"800\" \/>\n\t<meta property=\"og:image:type\" content=\"image\/jpeg\" \/>\n<meta name=\"twitter:card\" content=\"summary_large_image\" \/>\n<meta name=\"twitter:label1\" content=\"Est. reading time\" \/>\n\t<meta name=\"twitter:data1\" content=\"1 minute\" \/>\n<script type=\"application\/ld+json\" class=\"yoast-schema-graph\">{\"@context\":\"https:\\\/\\\/schema.org\",\"@graph\":[{\"@type\":\"WebPage\",\"@id\":\"https:\\\/\\\/kfc.lv\\\/en\\\/news\\\/lunch-youll-look-forward-to\\\/\",\"url\":\"https:\\\/\\\/kfc.lv\\\/en\\\/news\\\/lunch-youll-look-forward-to\\\/\",\"name\":\"Lunch You\u2019ll Look Forward To! - KFC\",\"isPartOf\":{\"@id\":\"https:\\\/\\\/kfc.lv\\\/en\\\/#website\"},\"primaryImageOfPage\":{\"@id\":\"https:\\\/\\\/kfc.lv\\\/en\\\/news\\\/lunch-youll-look-forward-to\\\/#primaryimage\"},\"image\":{\"@id\":\"https:\\\/\\\/kfc.lv\\\/en\\\/news\\\/lunch-youll-look-forward-to\\\/#primaryimage\"},\"thumbnailUrl\":\"https:\\\/\\\/kfc.lv\\\/wp-content\\\/uploads\\\/2026\\\/02\\\/KFC_LV_Lunch_Offer_FEB26_WEB_LV_ENG_1200x800.jpg\",\"datePublished\":\"2026-02-09T12:16:32+00:00\",\"dateModified\":\"2026-02-12T10:26:39+00:00\",\"description\":\"KFC is making your weekdays tastier with our new lunch menu! Enjoy the crispy aroma of our famous chicken, paired with hearty meals that satisfy both your appetite and your mood.\",\"breadcrumb\":{\"@id\":\"https:\\\/\\\/kfc.lv\\\/en\\\/news\\\/lunch-youll-look-forward-to\\\/#breadcrumb\"},\"inLanguage\":\"en-US\",\"potentialAction\":[{\"@type\":\"ReadAction\",\"target\":[\"https:\\\/\\\/kfc.lv\\\/en\\\/news\\\/lunch-youll-look-forward-to\\\/\"]}]},{\"@type\":\"ImageObject\",\"inLanguage\":\"en-US\",\"@id\":\"https:\\\/\\\/kfc.lv\\\/en\\\/news\\\/lunch-youll-look-forward-to\\\/#primaryimage\",\"url\":\"https:\\\/\\\/kfc.lv\\\/wp-content\\\/uploads\\\/2026\\\/02\\\/KFC_LV_Lunch_Offer_FEB26_WEB_LV_ENG_1200x800.jpg\",\"contentUrl\":\"https:\\\/\\\/kfc.lv\\\/wp-content\\\/uploads\\\/2026\\\/02\\\/KFC_LV_Lunch_Offer_FEB26_WEB_LV_ENG_1200x800.jpg\",\"width\":1200,\"height\":800},{\"@type\":\"BreadcrumbList\",\"@id\":\"https:\\\/\\\/kfc.lv\\\/en\\\/news\\\/lunch-youll-look-forward-to\\\/#breadcrumb\",\"itemListElement\":[{\"@type\":\"ListItem\",\"position\":1,\"name\":\"News\",\"item\":\"https:\\\/\\\/kfc.lv\\\/en\\\/jaunumi\\\/\"},{\"@type\":\"ListItem\",\"position\":2,\"name\":\"Lunch You\u2019ll Look Forward To!\"}]},{\"@type\":\"WebSite\",\"@id\":\"https:\\\/\\\/kfc.lv\\\/en\\\/#website\",\"url\":\"https:\\\/\\\/kfc.lv\\\/en\\\/\",\"name\":\"KFC\",\"description\":\"Ofici\u0101l\u0101 m\u0101jas lapa Latvij\u0101\",\"publisher\":{\"@id\":\"https:\\\/\\\/kfc.lv\\\/en\\\/#organization\"},\"potentialAction\":[{\"@type\":\"SearchAction\",\"target\":{\"@type\":\"EntryPoint\",\"urlTemplate\":\"https:\\\/\\\/kfc.lv\\\/en\\\/?s={search_term_string}\"},\"query-input\":{\"@type\":\"PropertyValueSpecification\",\"valueRequired\":true,\"valueName\":\"search_term_string\"}}],\"inLanguage\":\"en-US\"},{\"@type\":\"Organization\",\"@id\":\"https:\\\/\\\/kfc.lv\\\/en\\\/#organization\",\"name\":\"KFC Latvija\",\"url\":\"https:\\\/\\\/kfc.lv\\\/en\\\/\",\"logo\":{\"@type\":\"ImageObject\",\"inLanguage\":\"en-US\",\"@id\":\"https:\\\/\\\/kfc.lv\\\/en\\\/#\\\/schema\\\/logo\\\/image\\\/\",\"url\":\"https:\\\/\\\/kfc.lv\\\/wp-content\\\/uploads\\\/2021\\\/10\\\/KFC-favicon-round.png\",\"contentUrl\":\"https:\\\/\\\/kfc.lv\\\/wp-content\\\/uploads\\\/2021\\\/10\\\/KFC-favicon-round.png\",\"width\":300,\"height\":300,\"caption\":\"KFC Latvija\"},\"image\":{\"@id\":\"https:\\\/\\\/kfc.lv\\\/en\\\/#\\\/schema\\\/logo\\\/image\\\/\"}}]}<\/script>\n<!-- \/ Yoast SEO plugin. -->","yoast_head_json":{"title":"Lunch You\u2019ll Look Forward To! - KFC","description":"KFC is making your weekdays tastier with our new lunch menu! Enjoy the crispy aroma of our famous chicken, paired with hearty meals that satisfy both your appetite and your mood.","robots":{"index":"index","follow":"follow","max-snippet":"max-snippet:-1","max-image-preview":"max-image-preview:large","max-video-preview":"max-video-preview:-1"},"canonical":"https:\/\/kfc.lv\/en\/news\/lunch-youll-look-forward-to\/","og_locale":"en_US","og_type":"article","og_title":"Lunch You\u2019ll Look Forward To! - KFC","og_description":"KFC is making your weekdays tastier with our new lunch menu! Enjoy the crispy aroma of our famous chicken, paired with hearty meals that satisfy both your appetite and your mood.","og_url":"https:\/\/kfc.lv\/en\/news\/lunch-youll-look-forward-to\/","og_site_name":"KFC","article_modified_time":"2026-02-12T10:26:39+00:00","og_image":[{"width":1200,"height":800,"url":"https:\/\/kfc.lv\/wp-content\/uploads\/2026\/02\/KFC_LV_Lunch_Offer_FEB26_WEB_LV_ENG_1200x800.jpg","type":"image\/jpeg"}],"twitter_card":"summary_large_image","twitter_misc":{"Est. reading time":"1 minute"},"schema":{"@context":"https:\/\/schema.org","@graph":[{"@type":"WebPage","@id":"https:\/\/kfc.lv\/en\/news\/lunch-youll-look-forward-to\/","url":"https:\/\/kfc.lv\/en\/news\/lunch-youll-look-forward-to\/","name":"Lunch You\u2019ll Look Forward To! - KFC","isPartOf":{"@id":"https:\/\/kfc.lv\/en\/#website"},"primaryImageOfPage":{"@id":"https:\/\/kfc.lv\/en\/news\/lunch-youll-look-forward-to\/#primaryimage"},"image":{"@id":"https:\/\/kfc.lv\/en\/news\/lunch-youll-look-forward-to\/#primaryimage"},"thumbnailUrl":"https:\/\/kfc.lv\/wp-content\/uploads\/2026\/02\/KFC_LV_Lunch_Offer_FEB26_WEB_LV_ENG_1200x800.jpg","datePublished":"2026-02-09T12:16:32+00:00","dateModified":"2026-02-12T10:26:39+00:00","description":"KFC is making your weekdays tastier with our new lunch menu! Enjoy the crispy aroma of our famous chicken, paired with hearty meals that satisfy both your appetite and your mood.","breadcrumb":{"@id":"https:\/\/kfc.lv\/en\/news\/lunch-youll-look-forward-to\/#breadcrumb"},"inLanguage":"en-US","potentialAction":[{"@type":"ReadAction","target":["https:\/\/kfc.lv\/en\/news\/lunch-youll-look-forward-to\/"]}]},{"@type":"ImageObject","inLanguage":"en-US","@id":"https:\/\/kfc.lv\/en\/news\/lunch-youll-look-forward-to\/#primaryimage","url":"https:\/\/kfc.lv\/wp-content\/uploads\/2026\/02\/KFC_LV_Lunch_Offer_FEB26_WEB_LV_ENG_1200x800.jpg","contentUrl":"https:\/\/kfc.lv\/wp-content\/uploads\/2026\/02\/KFC_LV_Lunch_Offer_FEB26_WEB_LV_ENG_1200x800.jpg","width":1200,"height":800},{"@type":"BreadcrumbList","@id":"https:\/\/kfc.lv\/en\/news\/lunch-youll-look-forward-to\/#breadcrumb","itemListElement":[{"@type":"ListItem","position":1,"name":"News","item":"https:\/\/kfc.lv\/en\/jaunumi\/"},{"@type":"ListItem","position":2,"name":"Lunch You\u2019ll Look Forward To!"}]},{"@type":"WebSite","@id":"https:\/\/kfc.lv\/en\/#website","url":"https:\/\/kfc.lv\/en\/","name":"KFC","description":"Ofici\u0101l\u0101 m\u0101jas lapa Latvij\u0101","publisher":{"@id":"https:\/\/kfc.lv\/en\/#organization"},"potentialAction":[{"@type":"SearchAction","target":{"@type":"EntryPoint","urlTemplate":"https:\/\/kfc.lv\/en\/?s={search_term_string}"},"query-input":{"@type":"PropertyValueSpecification","valueRequired":true,"valueName":"search_term_string"}}],"inLanguage":"en-US"},{"@type":"Organization","@id":"https:\/\/kfc.lv\/en\/#organization","name":"KFC Latvija","url":"https:\/\/kfc.lv\/en\/","logo":{"@type":"ImageObject","inLanguage":"en-US","@id":"https:\/\/kfc.lv\/en\/#\/schema\/logo\/image\/","url":"https:\/\/kfc.lv\/wp-content\/uploads\/2021\/10\/KFC-favicon-round.png","contentUrl":"https:\/\/kfc.lv\/wp-content\/uploads\/2021\/10\/KFC-favicon-round.png","width":300,"height":300,"caption":"KFC Latvija"},"image":{"@id":"https:\/\/kfc.lv\/en\/#\/schema\/logo\/image\/"}}]}},"_links":{"self":[{"href":"https:\/\/kfc.lv\/en\/wp-json\/wp\/v2\/pages\/16296","targetHints":{"allow":["GET"]}}],"collection":[{"href":"https:\/\/kfc.lv\/en\/wp-json\/wp\/v2\/pages"}],"about":[{"href":"https:\/\/kfc.lv\/en\/wp-json\/wp\/v2\/types\/page"}],"author":[{"embeddable":true,"href":"https:\/\/kfc.lv\/en\/wp-json\/wp\/v2\/users\/1"}],"replies":[{"embeddable":true,"href":"https:\/\/kfc.lv\/en\/wp-json\/wp\/v2\/comments?post=16296"}],"version-history":[{"count":10,"href":"https:\/\/kfc.lv\/en\/wp-json\/wp\/v2\/pages\/16296\/revisions"}],"predecessor-version":[{"id":16339,"href":"https:\/\/kfc.lv\/en\/wp-json\/wp\/v2\/pages\/16296\/revisions\/16339"}],"up":[{"embeddable":true,"href":"https:\/\/kfc.lv\/en\/wp-json\/wp\/v2\/pages\/10739"}],"wp:featuredmedia":[{"embeddable":true,"href":"https:\/\/kfc.lv\/en\/wp-json\/wp\/v2\/media\/16297"}],"wp:attachment":[{"href":"https:\/\/kfc.lv\/en\/wp-json\/wp\/v2\/media?parent=16296"}],"curies":[{"name":"wp","href":"https:\/\/api.w.org\/{rel}","templated":true}]}}