{"id":15411,"date":"2025-06-16T12:38:12","date_gmt":"2025-06-16T09:38:12","guid":{"rendered":"https:\/\/kfc.lv\/?page_id=15411"},"modified":"2025-06-16T12:43:34","modified_gmt":"2025-06-16T09:43:34","slug":"kfc-just-got-cooler","status":"publish","type":"page","link":"https:\/\/kfc.lv\/en\/news\/kfc-just-got-cooler\/","title":{"rendered":"KFC Just Got Cooler"},"content":{"rendered":"\t\t<div data-elementor-type=\"wp-page\" data-elementor-id=\"15411\" class=\"elementor elementor-15411\" data-elementor-post-type=\"page\">\n\t\t\t\t\t\t<section class=\"elementor-section elementor-top-section elementor-element elementor-element-3771f58 elementor-section-boxed elementor-section-height-default elementor-section-height-default\" data-id=\"3771f58\" data-element_type=\"section\" data-e-type=\"section\">\n\t\t\t\t\t\t<div class=\"elementor-container elementor-column-gap-default\">\n\t\t\t\t\t<div class=\"elementor-column elementor-col-100 elementor-top-column elementor-element elementor-element-26d4d1f\" data-id=\"26d4d1f\" data-element_type=\"column\" data-e-type=\"column\">\n\t\t\t<div class=\"elementor-widget-wrap elementor-element-populated\">\n\t\t\t\t\t\t<div class=\"elementor-element elementor-element-34b0304 elementor--h-position-center elementor--v-position-middle elementor-pagination-position-inside elementor-widget elementor-widget-slides\" data-id=\"34b0304\" data-element_type=\"widget\" data-e-type=\"widget\" data-settings=\"{&quot;navigation&quot;:&quot;dots&quot;,&quot;autoplay_speed&quot;:9000,&quot;autoplay&quot;:&quot;yes&quot;,&quot;pause_on_hover&quot;:&quot;yes&quot;,&quot;pause_on_interaction&quot;:&quot;yes&quot;,&quot;infinite&quot;:&quot;yes&quot;,&quot;transition&quot;:&quot;slide&quot;,&quot;transition_speed&quot;:500}\" data-widget_type=\"slides.default\">\n\t\t\t\t<div class=\"elementor-widget-container\">\n\t\t\t\t\t\t\t\t\t<div class=\"elementor-swiper\">\n\t\t\t\t\t<div class=\"elementor-slides-wrapper elementor-main-swiper swiper\" role=\"region\" aria-roledescription=\"carousel\" aria-label=\"Slides\" dir=\"ltr\" data-animation=\"fadeInRight\">\n\t\t\t\t<div class=\"swiper-wrapper elementor-slides\">\n\t\t\t\t\t\t\t\t\t\t<div class=\"elementor-repeater-item-22f944a swiper-slide\" role=\"group\" aria-roledescription=\"slide\"><div class=\"swiper-slide-bg\" role=\"img\" aria-label=\"ENG HERO BANNER\"><\/div><div class=\"swiper-slide-inner\" ><div class=\"swiper-slide-contents\"><\/div><\/div><\/div>\t\t\t\t<\/div>\n\t\t\t\t\t\t\t<\/div>\n\t\t\t\t<\/div>\n\t\t\t\t\t\t\t\t<\/div>\n\t\t\t\t<\/div>\n\t\t\t\t\t<\/div>\n\t\t<\/div>\n\t\t\t\t\t<\/div>\n\t\t<\/section>\n\t\t\t\t<section class=\"elementor-section elementor-top-section elementor-element elementor-element-5333a82 elementor-section-boxed elementor-section-height-default elementor-section-height-default\" data-id=\"5333a82\" data-element_type=\"section\" data-e-type=\"section\">\n\t\t\t\t\t\t<div class=\"elementor-container elementor-column-gap-default\">\n\t\t\t\t\t<div class=\"elementor-column elementor-col-50 elementor-top-column elementor-element elementor-element-481e5ad elementor-hidden-tablet elementor-hidden-mobile\" data-id=\"481e5ad\" data-element_type=\"column\" data-e-type=\"column\">\n\t\t\t<div class=\"elementor-widget-wrap elementor-element-populated\">\n\t\t\t\t\t\t<div class=\"elementor-element elementor-element-1210721 elementor-hidden-tablet elementor-hidden-mobile elementor-widget elementor-widget-button\" data-id=\"1210721\" data-element_type=\"widget\" data-e-type=\"widget\" data-settings=\"{&quot;sticky&quot;:&quot;top&quot;,&quot;sticky_offset&quot;:300,&quot;sticky_on&quot;:[&quot;desktop&quot;,&quot;tablet&quot;,&quot;mobile&quot;],&quot;sticky_effects_offset&quot;:0,&quot;sticky_anchor_link_offset&quot;:0}\" data-widget_type=\"button.default\">\n\t\t\t\t<div class=\"elementor-widget-container\">\n\t\t\t\t\t\t\t\t\t<div class=\"elementor-button-wrapper\">\n\t\t\t\t\t<a class=\"elementor-button elementor-button-link elementor-size-sm\" href=\"https:\/\/kfc.lv\/en\/news\/\">\n\t\t\t\t\t\t<span class=\"elementor-button-content-wrapper\">\n\t\t\t\t\t\t<span class=\"elementor-button-icon\">\n\t\t\t\t<i aria-hidden=\"true\" class=\"fas fa-arrow-left\"><\/i>\t\t\t<\/span>\n\t\t\t\t\t\t\t\t<\/span>\n\t\t\t\t\t<\/a>\n\t\t\t\t<\/div>\n\t\t\t\t\t\t\t\t<\/div>\n\t\t\t\t<\/div>\n\t\t\t\t\t<\/div>\n\t\t<\/div>\n\t\t\t\t<div class=\"elementor-column elementor-col-50 elementor-top-column elementor-element elementor-element-03931cb\" data-id=\"03931cb\" data-element_type=\"column\" data-e-type=\"column\" data-settings=\"{&quot;background_background&quot;:&quot;classic&quot;}\">\n\t\t\t<div class=\"elementor-widget-wrap elementor-element-populated\">\n\t\t\t\t\t\t<div class=\"elementor-element elementor-element-e16cc9e elementor-widget elementor-widget-heading\" data-id=\"e16cc9e\" data-element_type=\"widget\" data-e-type=\"widget\" data-widget_type=\"heading.default\">\n\t\t\t\t<div class=\"elementor-widget-container\">\n\t\t\t\t\t<h1 class=\"elementor-heading-title elementor-size-default\">\ud83c\udf66 Scoop Alert! KFC Just Got Cooler<\/h1>\t\t\t\t<\/div>\n\t\t\t\t<\/div>\n\t\t\t\t<div class=\"elementor-element elementor-element-cbe85d4 elementor-widget elementor-widget-text-editor\" data-id=\"cbe85d4\" data-element_type=\"widget\" data-e-type=\"widget\" data-widget_type=\"text-editor.default\">\n\t\t\t\t<div class=\"elementor-widget-container\">\n\t\t\t\t\t\t\t\t\t<p>Get ready to chill with the coolest news on the menu \u2013 KFC is now serving new ice cream! And not just any ice cream\u2026 We\u2019re talking next-level scoops that are bold, rich, and totally crave-worthy.<\/p>\t\t\t\t\t\t\t\t<\/div>\n\t\t\t\t<\/div>\n\t\t\t\t<section class=\"elementor-section elementor-inner-section elementor-element elementor-element-5f8ce62 elementor-reverse-mobile elementor-section-boxed elementor-section-height-default elementor-section-height-default\" data-id=\"5f8ce62\" data-element_type=\"section\" data-e-type=\"section\">\n\t\t\t\t\t\t<div class=\"elementor-container elementor-column-gap-default\">\n\t\t\t\t\t<div class=\"elementor-column elementor-col-50 elementor-inner-column elementor-element elementor-element-c92afa4\" data-id=\"c92afa4\" data-element_type=\"column\" data-e-type=\"column\">\n\t\t\t<div class=\"elementor-widget-wrap elementor-element-populated\">\n\t\t\t\t\t\t<div class=\"elementor-element elementor-element-9ca2d4c elementor-widget elementor-widget-text-editor\" data-id=\"9ca2d4c\" data-element_type=\"widget\" data-e-type=\"widget\" data-widget_type=\"text-editor.default\">\n\t\t\t\t<div class=\"elementor-widget-container\">\n\t\t\t\t\t\t\t\t\t<p><strong>\ud83c\udf6b Dubai Chocolate Ice Cream<\/strong><\/p><p><br \/>It\u2019s chocolate, but make it luxury. Dive into silky smooth ice cream inspired by the richness of Dubai \u2013 a decadent, indulgent treat that tastes as fancy as it sounds.<br \/>First class flavor. No flight required.<\/p>\t\t\t\t\t\t\t\t<\/div>\n\t\t\t\t<\/div>\n\t\t\t\t\t<\/div>\n\t\t<\/div>\n\t\t\t\t<div class=\"elementor-column elementor-col-50 elementor-inner-column elementor-element elementor-element-bf852f7\" data-id=\"bf852f7\" data-element_type=\"column\" data-e-type=\"column\">\n\t\t\t<div class=\"elementor-widget-wrap elementor-element-populated\">\n\t\t\t\t\t\t<div class=\"elementor-element elementor-element-8f08e60 elementor-widget elementor-widget-image\" data-id=\"8f08e60\" data-element_type=\"widget\" data-e-type=\"widget\" data-widget_type=\"image.default\">\n\t\t\t\t<div class=\"elementor-widget-container\">\n\t\t\t\t\t\t\t\t\t\t\t\t\t\t\t<img fetchpriority=\"high\" decoding=\"async\" width=\"1024\" height=\"1024\" src=\"https:\/\/kfc.lv\/wp-content\/uploads\/2025\/06\/Icecream-2-1024x1024.png\" class=\"attachment-large size-large wp-image-15423\" alt=\"\" srcset=\"https:\/\/kfc.lv\/wp-content\/uploads\/2025\/06\/Icecream-2-1024x1024.png 1024w, https:\/\/kfc.lv\/wp-content\/uploads\/2025\/06\/Icecream-2-300x300.png 300w, https:\/\/kfc.lv\/wp-content\/uploads\/2025\/06\/Icecream-2-150x150.png 150w, https:\/\/kfc.lv\/wp-content\/uploads\/2025\/06\/Icecream-2-768x768.png 768w, https:\/\/kfc.lv\/wp-content\/uploads\/2025\/06\/Icecream-2.png 1080w\" sizes=\"(max-width: 1024px) 100vw, 1024px\" \/>\t\t\t\t\t\t\t\t\t\t\t\t\t\t\t<\/div>\n\t\t\t\t<\/div>\n\t\t\t\t\t<\/div>\n\t\t<\/div>\n\t\t\t\t\t<\/div>\n\t\t<\/section>\n\t\t\t\t<section class=\"elementor-section elementor-inner-section elementor-element elementor-element-132d0e3 elementor-section-boxed elementor-section-height-default elementor-section-height-default\" data-id=\"132d0e3\" data-element_type=\"section\" data-e-type=\"section\">\n\t\t\t\t\t\t<div class=\"elementor-container elementor-column-gap-default\">\n\t\t\t\t\t<div class=\"elementor-column elementor-col-50 elementor-inner-column elementor-element elementor-element-5c9bcef\" data-id=\"5c9bcef\" data-element_type=\"column\" data-e-type=\"column\">\n\t\t\t<div class=\"elementor-widget-wrap elementor-element-populated\">\n\t\t\t\t\t\t<div class=\"elementor-element elementor-element-09f7347 elementor-widget elementor-widget-image\" data-id=\"09f7347\" data-element_type=\"widget\" data-e-type=\"widget\" data-widget_type=\"image.default\">\n\t\t\t\t<div class=\"elementor-widget-container\">\n\t\t\t\t\t\t\t\t\t\t\t\t\t\t\t<img decoding=\"async\" width=\"1024\" height=\"1024\" src=\"https:\/\/kfc.lv\/wp-content\/uploads\/2025\/06\/Icecream-1-1024x1024.png\" class=\"attachment-large size-large wp-image-15421\" alt=\"\" srcset=\"https:\/\/kfc.lv\/wp-content\/uploads\/2025\/06\/Icecream-1-1024x1024.png 1024w, https:\/\/kfc.lv\/wp-content\/uploads\/2025\/06\/Icecream-1-300x300.png 300w, https:\/\/kfc.lv\/wp-content\/uploads\/2025\/06\/Icecream-1-150x150.png 150w, https:\/\/kfc.lv\/wp-content\/uploads\/2025\/06\/Icecream-1-768x768.png 768w, https:\/\/kfc.lv\/wp-content\/uploads\/2025\/06\/Icecream-1.png 1080w\" sizes=\"(max-width: 1024px) 100vw, 1024px\" \/>\t\t\t\t\t\t\t\t\t\t\t\t\t\t\t<\/div>\n\t\t\t\t<\/div>\n\t\t\t\t\t<\/div>\n\t\t<\/div>\n\t\t\t\t<div class=\"elementor-column elementor-col-50 elementor-inner-column elementor-element elementor-element-687f81b\" data-id=\"687f81b\" data-element_type=\"column\" data-e-type=\"column\">\n\t\t\t<div class=\"elementor-widget-wrap elementor-element-populated\">\n\t\t\t\t\t\t<div class=\"elementor-element elementor-element-58a9764 elementor-widget elementor-widget-text-editor\" data-id=\"58a9764\" data-element_type=\"widget\" data-e-type=\"widget\" data-widget_type=\"text-editor.default\">\n\t\t\t\t<div class=\"elementor-widget-container\">\n\t\t\t\t\t\t\t\t\t<p><strong>\ud83c\udf6a Cookies &amp; Caramel Ice Cream<\/strong><\/p><p><br \/>Swirls of golden caramel and cookies. Creamy perfection. This is the kind of scoop that makes you forget your fries (just for a second).<br \/>It\u2019s sweet, it\u2019s dreamy \u2013 and yeah, it\u2019s addictive.<\/p>\t\t\t\t\t\t\t\t<\/div>\n\t\t\t\t<\/div>\n\t\t\t\t\t<\/div>\n\t\t<\/div>\n\t\t\t\t\t<\/div>\n\t\t<\/section>\n\t\t\t\t<div class=\"elementor-element elementor-element-665a843 elementor-widget elementor-widget-text-editor\" data-id=\"665a843\" data-element_type=\"widget\" data-e-type=\"widget\" data-widget_type=\"text-editor.default\">\n\t\t\t\t<div class=\"elementor-widget-container\">\n\t\t\t\t\t\t\t\t\t<p>\u2728 Cool Treats, Colonel-Approved<\/p><p>Whether you\u2019re cooling down after hot wings or just here for dessert, our new ice creams are the cherry on top of your KFC moment.<\/p><p>So go ahead \u2014 take a scoop and let the chill begin.<\/p>\t\t\t\t\t\t\t\t<\/div>\n\t\t\t\t<\/div>\n\t\t\t\t<div class=\"elementor-element elementor-element-e54704d elementor-widget elementor-widget-spacer\" data-id=\"e54704d\" data-element_type=\"widget\" data-e-type=\"widget\" data-widget_type=\"spacer.default\">\n\t\t\t\t<div class=\"elementor-widget-container\">\n\t\t\t\t\t\t\t<div class=\"elementor-spacer\">\n\t\t\t<div class=\"elementor-spacer-inner\"><\/div>\n\t\t<\/div>\n\t\t\t\t\t\t<\/div>\n\t\t\t\t<\/div>\n\t\t\t\t\t<\/div>\n\t\t<\/div>\n\t\t\t\t\t<\/div>\n\t\t<\/section>\n\t\t\t\t<\/div>\n\t\t","protected":false},"excerpt":{"rendered":"<p>\ud83c\udf66 Scoop Alert! KFC Just Got Cooler Get ready to chill with the coolest news on the menu \u2013 KFC is now serving new ice cream! And not just any ice cream\u2026 We\u2019re talking next-level scoops that are bold, rich, and totally crave-worthy. \ud83c\udf6b Dubai Chocolate Ice Cream It\u2019s chocolate, but make it luxury. Dive [&hellip;]<\/p>\n","protected":false},"author":1,"featured_media":15414,"parent":10739,"menu_order":0,"comment_status":"closed","ping_status":"closed","template":"","meta":{"site-sidebar-layout":"no-sidebar","site-content-layout":"page-builder","ast-site-content-layout":"full-width-container","site-content-style":"unboxed","site-sidebar-style":"default","ast-global-header-display":"","ast-banner-title-visibility":"","ast-main-header-display":"","ast-hfb-above-header-display":"","ast-hfb-below-header-display":"","ast-hfb-mobile-header-display":"","site-post-title":"disabled","ast-breadcrumbs-content":"","ast-featured-img":"disabled","footer-sml-layout":"","ast-disable-related-posts":"","theme-transparent-header-meta":"","adv-header-id-meta":"","stick-header-meta":"","header-above-stick-meta":"","header-main-stick-meta":"","header-below-stick-meta":"","astra-migrate-meta-layouts":"set","ast-page-background-enabled":"default","ast-page-background-meta":{"desktop":{"background-color":"var(--ast-global-color-4)","background-image":"","background-repeat":"repeat","background-position":"center center","background-size":"auto","background-attachment":"scroll","background-type":"","background-media":"","overlay-type":"","overlay-color":"","overlay-opacity":"","overlay-gradient":""},"tablet":{"background-color":"","background-image":"","background-repeat":"repeat","background-position":"center center","background-size":"auto","background-attachment":"scroll","background-type":"","background-media":"","overlay-type":"","overlay-color":"","overlay-opacity":"","overlay-gradient":""},"mobile":{"background-color":"","background-image":"","background-repeat":"repeat","background-position":"center center","background-size":"auto","background-attachment":"scroll","background-type":"","background-media":"","overlay-type":"","overlay-color":"","overlay-opacity":"","overlay-gradient":""}},"ast-content-background-meta":{"desktop":{"background-color":"var(--ast-global-color-5)","background-image":"","background-repeat":"repeat","background-position":"center center","background-size":"auto","background-attachment":"scroll","background-type":"","background-media":"","overlay-type":"","overlay-color":"","overlay-opacity":"","overlay-gradient":""},"tablet":{"background-color":"var(--ast-global-color-5)","background-image":"","background-repeat":"repeat","background-position":"center center","background-size":"auto","background-attachment":"scroll","background-type":"","background-media":"","overlay-type":"","overlay-color":"","overlay-opacity":"","overlay-gradient":""},"mobile":{"background-color":"var(--ast-global-color-5)","background-image":"","background-repeat":"repeat","background-position":"center center","background-size":"auto","background-attachment":"scroll","background-type":"","background-media":"","overlay-type":"","overlay-color":"","overlay-opacity":"","overlay-gradient":""}},"footnotes":""},"class_list":["post-15411","page","type-page","status-publish","has-post-thumbnail","hentry"],"yoast_head":"<!-- This site is optimized with the Yoast SEO plugin v27.3 - https:\/\/yoast.com\/product\/yoast-seo-wordpress\/ -->\n<title>KFC Just Got Cooler - KFC<\/title>\n<meta name=\"description\" content=\"\ud83c\udf66 Scoop Alert! KFC Just Got Cooler. Get ready to chill with the coolest news on the menu \u2013 KFC is now serving new ice cream! And not just any ice cream\u2026 We\u2019re talking next-level scoops that are bold, rich, and totally crave-worthy.\" \/>\n<meta name=\"robots\" content=\"index, follow, max-snippet:-1, max-image-preview:large, max-video-preview:-1\" \/>\n<link rel=\"canonical\" href=\"https:\/\/kfc.lv\/en\/news\/kfc-just-got-cooler\/\" \/>\n<meta property=\"og:locale\" content=\"en_US\" \/>\n<meta property=\"og:type\" content=\"article\" \/>\n<meta property=\"og:title\" content=\"KFC Just Got Cooler - KFC\" \/>\n<meta property=\"og:description\" content=\"\ud83c\udf66 Scoop Alert! KFC Just Got Cooler. Get ready to chill with the coolest news on the menu \u2013 KFC is now serving new ice cream! And not just any ice cream\u2026 We\u2019re talking next-level scoops that are bold, rich, and totally crave-worthy.\" \/>\n<meta property=\"og:url\" content=\"https:\/\/kfc.lv\/en\/news\/kfc-just-got-cooler\/\" \/>\n<meta property=\"og:site_name\" content=\"KFC\" \/>\n<meta property=\"article:modified_time\" content=\"2025-06-16T09:43:34+00:00\" \/>\n<meta property=\"og:image\" content=\"https:\/\/kfc.lv\/wp-content\/uploads\/2025\/06\/ENG-NEWS-BANNER.jpg\" \/>\n\t<meta property=\"og:image:width\" content=\"1200\" \/>\n\t<meta property=\"og:image:height\" content=\"800\" \/>\n\t<meta property=\"og:image:type\" content=\"image\/jpeg\" \/>\n<meta name=\"twitter:card\" content=\"summary_large_image\" \/>\n<meta name=\"twitter:label1\" content=\"Est. reading time\" \/>\n\t<meta name=\"twitter:data1\" content=\"2 minutes\" \/>\n<script type=\"application\/ld+json\" class=\"yoast-schema-graph\">{\"@context\":\"https:\\\/\\\/schema.org\",\"@graph\":[{\"@type\":\"WebPage\",\"@id\":\"https:\\\/\\\/kfc.lv\\\/en\\\/news\\\/kfc-just-got-cooler\\\/\",\"url\":\"https:\\\/\\\/kfc.lv\\\/en\\\/news\\\/kfc-just-got-cooler\\\/\",\"name\":\"KFC Just Got Cooler - KFC\",\"isPartOf\":{\"@id\":\"https:\\\/\\\/kfc.lv\\\/en\\\/#website\"},\"primaryImageOfPage\":{\"@id\":\"https:\\\/\\\/kfc.lv\\\/en\\\/news\\\/kfc-just-got-cooler\\\/#primaryimage\"},\"image\":{\"@id\":\"https:\\\/\\\/kfc.lv\\\/en\\\/news\\\/kfc-just-got-cooler\\\/#primaryimage\"},\"thumbnailUrl\":\"https:\\\/\\\/kfc.lv\\\/wp-content\\\/uploads\\\/2025\\\/06\\\/ENG-NEWS-BANNER.jpg\",\"datePublished\":\"2025-06-16T09:38:12+00:00\",\"dateModified\":\"2025-06-16T09:43:34+00:00\",\"description\":\"\ud83c\udf66 Scoop Alert! KFC Just Got Cooler. Get ready to chill with the coolest news on the menu \u2013 KFC is now serving new ice cream! And not just any ice cream\u2026 We\u2019re talking next-level scoops that are bold, rich, and totally crave-worthy.\",\"breadcrumb\":{\"@id\":\"https:\\\/\\\/kfc.lv\\\/en\\\/news\\\/kfc-just-got-cooler\\\/#breadcrumb\"},\"inLanguage\":\"en-US\",\"potentialAction\":[{\"@type\":\"ReadAction\",\"target\":[\"https:\\\/\\\/kfc.lv\\\/en\\\/news\\\/kfc-just-got-cooler\\\/\"]}]},{\"@type\":\"ImageObject\",\"inLanguage\":\"en-US\",\"@id\":\"https:\\\/\\\/kfc.lv\\\/en\\\/news\\\/kfc-just-got-cooler\\\/#primaryimage\",\"url\":\"https:\\\/\\\/kfc.lv\\\/wp-content\\\/uploads\\\/2025\\\/06\\\/ENG-NEWS-BANNER.jpg\",\"contentUrl\":\"https:\\\/\\\/kfc.lv\\\/wp-content\\\/uploads\\\/2025\\\/06\\\/ENG-NEWS-BANNER.jpg\",\"width\":1200,\"height\":800},{\"@type\":\"BreadcrumbList\",\"@id\":\"https:\\\/\\\/kfc.lv\\\/en\\\/news\\\/kfc-just-got-cooler\\\/#breadcrumb\",\"itemListElement\":[{\"@type\":\"ListItem\",\"position\":1,\"name\":\"News\",\"item\":\"https:\\\/\\\/kfc.lv\\\/en\\\/news\\\/\"},{\"@type\":\"ListItem\",\"position\":2,\"name\":\"KFC Just Got Cooler\"}]},{\"@type\":\"WebSite\",\"@id\":\"https:\\\/\\\/kfc.lv\\\/en\\\/#website\",\"url\":\"https:\\\/\\\/kfc.lv\\\/en\\\/\",\"name\":\"KFC\",\"description\":\"Ofici\u0101l\u0101 m\u0101jas lapa Latvij\u0101\",\"publisher\":{\"@id\":\"https:\\\/\\\/kfc.lv\\\/en\\\/#organization\"},\"potentialAction\":[{\"@type\":\"SearchAction\",\"target\":{\"@type\":\"EntryPoint\",\"urlTemplate\":\"https:\\\/\\\/kfc.lv\\\/en\\\/?s={search_term_string}\"},\"query-input\":{\"@type\":\"PropertyValueSpecification\",\"valueRequired\":true,\"valueName\":\"search_term_string\"}}],\"inLanguage\":\"en-US\"},{\"@type\":\"Organization\",\"@id\":\"https:\\\/\\\/kfc.lv\\\/en\\\/#organization\",\"name\":\"KFC Latvija\",\"url\":\"https:\\\/\\\/kfc.lv\\\/en\\\/\",\"logo\":{\"@type\":\"ImageObject\",\"inLanguage\":\"en-US\",\"@id\":\"https:\\\/\\\/kfc.lv\\\/en\\\/#\\\/schema\\\/logo\\\/image\\\/\",\"url\":\"https:\\\/\\\/kfc.lv\\\/wp-content\\\/uploads\\\/2021\\\/10\\\/KFC-favicon-round.png\",\"contentUrl\":\"https:\\\/\\\/kfc.lv\\\/wp-content\\\/uploads\\\/2021\\\/10\\\/KFC-favicon-round.png\",\"width\":300,\"height\":300,\"caption\":\"KFC Latvija\"},\"image\":{\"@id\":\"https:\\\/\\\/kfc.lv\\\/en\\\/#\\\/schema\\\/logo\\\/image\\\/\"}}]}<\/script>\n<!-- \/ Yoast SEO plugin. -->","yoast_head_json":{"title":"KFC Just Got Cooler - KFC","description":"\ud83c\udf66 Scoop Alert! KFC Just Got Cooler. Get ready to chill with the coolest news on the menu \u2013 KFC is now serving new ice cream! And not just any ice cream\u2026 We\u2019re talking next-level scoops that are bold, rich, and totally crave-worthy.","robots":{"index":"index","follow":"follow","max-snippet":"max-snippet:-1","max-image-preview":"max-image-preview:large","max-video-preview":"max-video-preview:-1"},"canonical":"https:\/\/kfc.lv\/en\/news\/kfc-just-got-cooler\/","og_locale":"en_US","og_type":"article","og_title":"KFC Just Got Cooler - KFC","og_description":"\ud83c\udf66 Scoop Alert! KFC Just Got Cooler. Get ready to chill with the coolest news on the menu \u2013 KFC is now serving new ice cream! And not just any ice cream\u2026 We\u2019re talking next-level scoops that are bold, rich, and totally crave-worthy.","og_url":"https:\/\/kfc.lv\/en\/news\/kfc-just-got-cooler\/","og_site_name":"KFC","article_modified_time":"2025-06-16T09:43:34+00:00","og_image":[{"width":1200,"height":800,"url":"https:\/\/kfc.lv\/wp-content\/uploads\/2025\/06\/ENG-NEWS-BANNER.jpg","type":"image\/jpeg"}],"twitter_card":"summary_large_image","twitter_misc":{"Est. reading time":"2 minutes"},"schema":{"@context":"https:\/\/schema.org","@graph":[{"@type":"WebPage","@id":"https:\/\/kfc.lv\/en\/news\/kfc-just-got-cooler\/","url":"https:\/\/kfc.lv\/en\/news\/kfc-just-got-cooler\/","name":"KFC Just Got Cooler - KFC","isPartOf":{"@id":"https:\/\/kfc.lv\/en\/#website"},"primaryImageOfPage":{"@id":"https:\/\/kfc.lv\/en\/news\/kfc-just-got-cooler\/#primaryimage"},"image":{"@id":"https:\/\/kfc.lv\/en\/news\/kfc-just-got-cooler\/#primaryimage"},"thumbnailUrl":"https:\/\/kfc.lv\/wp-content\/uploads\/2025\/06\/ENG-NEWS-BANNER.jpg","datePublished":"2025-06-16T09:38:12+00:00","dateModified":"2025-06-16T09:43:34+00:00","description":"\ud83c\udf66 Scoop Alert! KFC Just Got Cooler. Get ready to chill with the coolest news on the menu \u2013 KFC is now serving new ice cream! And not just any ice cream\u2026 We\u2019re talking next-level scoops that are bold, rich, and totally crave-worthy.","breadcrumb":{"@id":"https:\/\/kfc.lv\/en\/news\/kfc-just-got-cooler\/#breadcrumb"},"inLanguage":"en-US","potentialAction":[{"@type":"ReadAction","target":["https:\/\/kfc.lv\/en\/news\/kfc-just-got-cooler\/"]}]},{"@type":"ImageObject","inLanguage":"en-US","@id":"https:\/\/kfc.lv\/en\/news\/kfc-just-got-cooler\/#primaryimage","url":"https:\/\/kfc.lv\/wp-content\/uploads\/2025\/06\/ENG-NEWS-BANNER.jpg","contentUrl":"https:\/\/kfc.lv\/wp-content\/uploads\/2025\/06\/ENG-NEWS-BANNER.jpg","width":1200,"height":800},{"@type":"BreadcrumbList","@id":"https:\/\/kfc.lv\/en\/news\/kfc-just-got-cooler\/#breadcrumb","itemListElement":[{"@type":"ListItem","position":1,"name":"News","item":"https:\/\/kfc.lv\/en\/news\/"},{"@type":"ListItem","position":2,"name":"KFC Just Got Cooler"}]},{"@type":"WebSite","@id":"https:\/\/kfc.lv\/en\/#website","url":"https:\/\/kfc.lv\/en\/","name":"KFC","description":"Ofici\u0101l\u0101 m\u0101jas lapa Latvij\u0101","publisher":{"@id":"https:\/\/kfc.lv\/en\/#organization"},"potentialAction":[{"@type":"SearchAction","target":{"@type":"EntryPoint","urlTemplate":"https:\/\/kfc.lv\/en\/?s={search_term_string}"},"query-input":{"@type":"PropertyValueSpecification","valueRequired":true,"valueName":"search_term_string"}}],"inLanguage":"en-US"},{"@type":"Organization","@id":"https:\/\/kfc.lv\/en\/#organization","name":"KFC Latvija","url":"https:\/\/kfc.lv\/en\/","logo":{"@type":"ImageObject","inLanguage":"en-US","@id":"https:\/\/kfc.lv\/en\/#\/schema\/logo\/image\/","url":"https:\/\/kfc.lv\/wp-content\/uploads\/2021\/10\/KFC-favicon-round.png","contentUrl":"https:\/\/kfc.lv\/wp-content\/uploads\/2021\/10\/KFC-favicon-round.png","width":300,"height":300,"caption":"KFC Latvija"},"image":{"@id":"https:\/\/kfc.lv\/en\/#\/schema\/logo\/image\/"}}]}},"_links":{"self":[{"href":"https:\/\/kfc.lv\/en\/wp-json\/wp\/v2\/pages\/15411","targetHints":{"allow":["GET"]}}],"collection":[{"href":"https:\/\/kfc.lv\/en\/wp-json\/wp\/v2\/pages"}],"about":[{"href":"https:\/\/kfc.lv\/en\/wp-json\/wp\/v2\/types\/page"}],"author":[{"embeddable":true,"href":"https:\/\/kfc.lv\/en\/wp-json\/wp\/v2\/users\/1"}],"replies":[{"embeddable":true,"href":"https:\/\/kfc.lv\/en\/wp-json\/wp\/v2\/comments?post=15411"}],"version-history":[{"count":7,"href":"https:\/\/kfc.lv\/en\/wp-json\/wp\/v2\/pages\/15411\/revisions"}],"predecessor-version":[{"id":15433,"href":"https:\/\/kfc.lv\/en\/wp-json\/wp\/v2\/pages\/15411\/revisions\/15433"}],"up":[{"embeddable":true,"href":"https:\/\/kfc.lv\/en\/wp-json\/wp\/v2\/pages\/10739"}],"wp:featuredmedia":[{"embeddable":true,"href":"https:\/\/kfc.lv\/en\/wp-json\/wp\/v2\/media\/15414"}],"wp:attachment":[{"href":"https:\/\/kfc.lv\/en\/wp-json\/wp\/v2\/media?parent=15411"}],"curies":[{"name":"wp","href":"https:\/\/api.w.org\/{rel}","templated":true}]}}